{"id":123,"date":"2015-11-08T15:22:06","date_gmt":"2015-11-08T15:22:06","guid":{"rendered":"http:\/\/www.arts.chula.ac.th\/~west\/french\/?page_id=123"},"modified":"2015-11-08T15:22:06","modified_gmt":"2015-11-08T15:22:06","slug":"memoires-et-theses","status":"publish","type":"page","link":"https:\/\/www.arts.chula.ac.th\/west\/french\/?page_id=123","title":{"rendered":"MEMOIRES ET THESES"},"content":{"rendered":"<h3>M\u00e9moires de Maitr\u00eese du fran\u00e7ais<\/h3>\n<p align=\"justify\"><strong><span class=\"H1\">M\u00e9moires de Maitr\u00eese du fran\u00e7ais<\/span><\/strong><\/p>\n<blockquote class=\"H1\">\n<p align=\"justify\">1973<\/p>\n<\/blockquote>\n<ul class=\"H1\">\n<li>\n<div align=\"justify\">Walaya Rukapan<em>, Andr\u00e9 Gide et la lib\u00e9ration de l&#8217;individu<\/em><\/div>\n<\/li>\n<li>\n<div align=\"justify\">Varunee Santirojprapai, Etude analytique sur<strong> laModification<\/strong> deMichel Butor<\/div>\n<\/li>\n<li>\n<div align=\"justify\">Panni Soponemani, <em>L&#8217;\u00e9tude analytique sur <strong>Un amour de Swann <\/strong>de Marcel Proust<\/em><\/div>\n<\/li>\n<\/ul>\n<blockquote class=\"H1\">\n<p align=\"justify\">1976<\/p>\n<\/blockquote>\n<ul class=\"H1\">\n<li>\n<div align=\"justify\">Rachada Sukhangsan, L&#8217;homme &#8211; son m?tier : Etude analytique des romans <strong>Terre des Hommes<\/strong> et <strong>Vol de nuit<\/strong> d&#8217;Antoine de Saint-Exup\u00e9ry<\/div>\n<\/li>\n<li>\n<div align=\"justify\">Paniti Hoonswaeng, Moli\u00e8re et Courteline : Etude comparative de leurs com\u00e9dies<\/div>\n<\/li>\n<li>\n<div align=\"justify\">Bongkot La-orleutlakana<em>, La tyrannie et la libert\u00e9 dans <strong>Lorenzaccio<\/strong><\/em>, Bongkot La-orleutlakana<\/div>\n<\/li>\n<\/ul>\n<blockquote class=\"H1\">\n<p align=\"justify\">1977<\/p>\n<\/blockquote>\n<ul>\n<li>\n<div align=\"justify\"><span class=\"H1\">Supawadee Wirachatplee<em>, La femme dans la vie et l&#8217;oeuvre de Baudelaire<\/em><\/span><\/div>\n<\/li>\n<\/ul>\n<blockquote>\n<p class=\"H1\" align=\"justify\">1978<\/p>\n<\/blockquote>\n<ul class=\"H1\">\n<li>\n<div align=\"justify\">Porani Charoensomchit, <em>Etude comparative de deux romans <strong>L&#8217;Etranger<\/strong> d&#8217;Albert Camus et <strong>Le Dernier jour d&#8217;un condamn\u00e9<\/strong> de Victor Hugo<\/em><\/div>\n<\/li>\n<li>\n<div align=\"justify\">\n<div align=\"justify\">Somjai Limprapeutkul,<em> Etude des portraits dans les<strong> M\u00e9moires d&#8217;Outre &#8211; Tombe<\/strong> de Chateaubriand<\/em><\/div>\n<\/div>\n<\/li>\n<li>\n<div align=\"justify\">Anongnart Metakunawudh,<em> La fiction au service du didactisme dans les contes de Voltaire<\/em><\/div>\n<\/li>\n<li>\n<div align=\"justify\">Wongsri Sae-Heng<em>, Le th?me de l&#8217;amour dans l&#8217;oeuvre po\u00e9tique d&#8217;Aragon<\/em><\/div>\n<\/li>\n<\/ul>\n<blockquote class=\"H1\">\n<p align=\"justify\">1979<\/p>\n<\/blockquote>\n<ul class=\"H1\">\n<li>\n<div align=\"justify\">Suthira Udanuta<em>, L&#8217;influence des milieux sur la psychologie du personnage de Th\u00e9r\u00e8se Desqueyroux dans le roman de Fran\u00e7ois Mauriac<\/em><\/div>\n<\/li>\n<li>\n<div align=\"justify\">Pornthip Toyai<em>, La R\u00e9flexion d&#8217;Andr\u00e9 Malreaux sur l&#8217;homme dans la <strong>Condition Humaine<\/strong><\/em><\/div>\n<\/li>\n<\/ul>\n<blockquote class=\"H1\">\n<p align=\"justify\">1980<\/p>\n<\/blockquote>\n<ul class=\"H1\">\n<li>\n<div align=\"justify\">Tritaporn Attanatho, L&#8217;absurde dans les quatre pi?ces de th\u00e9\u00e2tre d&#8217;Ionesco : <strong>La Cantatrice chauve<\/strong>, <strong>La le\u00e7on<\/strong>, <strong>Rhinoc\u00e9ros<\/strong>, <strong>Le roi se meurt<\/strong><\/div>\n<\/li>\n<li>\n<div align=\"justify\">Usavadi Eksaengsri<em>, Le complexe de la conscience de classe chez les personnages dans les romans de Stendhal : <strong>Le Rouge et le Noir<\/strong> et <strong>La Chartreuse de Parme<\/strong><\/em><\/div>\n<\/li>\n<li>\n<div align=\"justify\">Duangchai Palakawong Na Ayudhaya, <em>Etude des principaux personnages types dans le <strong>P\u00e8re Goriot<\/strong> de Balzac<\/em><\/div>\n<\/li>\n<\/ul>\n<blockquote class=\"H1\">\n<p align=\"justify\">1981<\/p>\n<\/blockquote>\n<ul class=\"H1\">\n<li>\n<div align=\"justify\">Phiengrithai Vasbooma, <em>La condition de la femme dans <strong>Le Deuxi\u00e8me Sexe<\/strong> de Simone de Beauvoir<\/em><\/div>\n<\/li>\n<li>\n<div align=\"justify\">Chamree Sorakivicharn, <em>Saint-Simon, Peintre de figures<\/em><\/div>\n<\/li>\n<li>\n<div align=\"justify\">Prayat Nichalanont, <em>Tite et B\u00e9r\u00e9nice de Corneille et B\u00e9r\u00e9nice de Racine : Deux conception de la trag?die classique fran?aise<\/em><\/div>\n<\/li>\n<\/ul>\n<blockquote class=\"H1\">\n<p align=\"justify\">1982<\/p>\n<\/blockquote>\n<ul>\n<li class=\"H1\">\n<div align=\"justify\">Amornrat Nikrodhananda, <em>Etude analytique du th\u00e8me de la passion chez la femme dans<strong> La Princesse de Cl\u00e8ves<\/strong>, <strong>La Nouvelle H\u00e9lo\u00efse<\/strong>,<strong>Madame Bovary<\/strong> et <strong>Th\u00e9r\u00e8se Desqeyroux<\/strong><\/em><\/div>\n<\/li>\n<li>\n<div align=\"justify\"><span class=\"H1\">Vidhaya Sethavongs, <em>La Fontaine et sa vision pessimiste de l&#8217;homme dans les<strong> Fables<\/strong><\/em><\/span><\/div>\n<\/li>\n<\/ul>\n<blockquote>\n<p class=\"H1\" align=\"left\">1983<\/p>\n<\/blockquote>\n<div class=\"H1\" align=\"left\">\n<ul>\n<li>Charuwan Lowira, <em>La cr\u00e9ation po\u00e9tique \u00e0 l&#8217;?preuve dans le roman <strong>Les Enfants terribles<\/strong> de Jean Cocteau<\/em><\/li>\n<li>Pranee Kiriyanant, <em>La fonction de l&#8217;objet dans trois oeuvres romanesques d&#8217;Alain Robbe-Grillet : <strong>Les Gommes<\/strong>,<strong> Le Voyeur<\/strong> et <strong>La Jalousie<\/strong><\/em><\/li>\n<li>Capt. Krirksak Banjongjit, <em>Humanisme dans quatre romans de Montherlant : <strong>Les C\u00e9libataires<\/strong>, <strong>Le Chaos et la nuit,<\/strong> <strong>Un assasin est mon ma\u00eetre, La Rose de Sable<\/strong><\/em><\/li>\n<\/ul>\n<blockquote><\/blockquote>\n<\/div>\n<blockquote class=\"H1\">\n<p align=\"left\">1984<\/p>\n<\/blockquote>\n<div class=\"H1\" align=\"left\">\n<ul>\n<li>Rachanee Chakaropaspelai, <em>L&#8217;amour et la femme dans deux oeuvre romanesques de Marguerite Duras : <strong>Moderato Cantabile <\/strong>et<strong> Le Ravissement de Lol V.Stein<\/strong><\/em><\/li>\n<li>Nimnuan Bhumithavara, <em>L&#8217;image de la m?re dans les romans de Colette : <strong>Sido<\/strong>, <strong>La maison de Claudine<\/strong>, <strong>La Vagabonde<\/strong> et <strong>La Naissance du Jour<\/strong><\/em><\/li>\n<li>Thitima Silapachai, <em>Le &#8220;je, narateur&#8221; , catalyseur des tropismes chez Nathalie Sarraute<\/em><\/li>\n<\/ul>\n<blockquote><\/blockquote>\n<\/div>\n<blockquote class=\"H1\">\n<p align=\"left\">1985<\/p>\n<\/blockquote>\n<div class=\"H1\" align=\"left\">\n<ul>\n<li>Suwanna Satapattana, <em>Le baroque dans l&#8217;oeuvre th\u00e9\u00e2trale de Corneille<\/em><\/li>\n<li>Vichuda Sthalanand, <em>Le r\u00f4le de l&#8217;argent dans deux oeuvres romanesques de Balzac : <strong>C\u00e9sar Birotteau<\/strong> et <strong>Eug?nie Grandet<\/strong><\/em><\/li>\n<li>Suphin Julvichitpong, <em>Le th\u00e8me de l&#8217;amour et de la femme dans le<strong> Jeu de l&#8217;Amour et du Hasard<\/strong> de Mariveaux et dans <strong>On ne badine pas avec l&#8217;amour<\/strong> de Musset<\/em><\/li>\n<\/ul>\n<blockquote><\/blockquote>\n<\/div>\n<blockquote class=\"H1\">\n<p align=\"left\">1986<\/p>\n<\/blockquote>\n<div class=\"H1\" align=\"left\">\n<ul>\n<li>Malee Wuwanich, <em><strong>Electre <\/strong>de Jean Girauxdoux et <strong>Les Mouches<\/strong> de Jean-Paul Sartre : Etude comparative<\/em><\/li>\n<li>Nipaporn Tirasasit, <em>La femme dans la s?rie des <strong>Jeunes Filles<\/strong> de Montherlant<\/em><\/li>\n<li>Apisit Waraeksiri, <em>Le th\u00e9\u00e2tre naturaliste selon Zola : Th\u00e9orie et pratique<\/em><\/li>\n<li>Chongkonnee Kowitwannawong, <em>Le Transfert de la classe d&#8217;adjectif \u00e0 la classe d&#8217;adverbes en fran\u00e7ais contemporain (1922-1985)<\/em><\/li>\n<li>Kornthikar Chullapram, <em>La vision de l&#8217;homme chez Voltaire<\/em><\/li>\n<li>Pornchan Tanakiat, <em>Zola et les impressionnistes : La conjonction entre les univers litt\u00e9raires et artistiques<\/em><\/li>\n<\/ul>\n<blockquote><\/blockquote>\n<\/div>\n<blockquote class=\"H1\">\n<p align=\"left\">1987<\/p>\n<\/blockquote>\n<div align=\"left\">\n<ul>\n<li class=\"H1\">Sombat Kruthong, <em>B\u00e9renger, h\u00e9ros d&#8217;Ioneso<\/em><\/li>\n<li class=\"H1\">Sasivimol Surarit, <em>Le pessimisme dans l&#8217;oeuvre po\u00e9tique d&#8217;Alfred de Vigny<\/em><\/li>\n<li class=\"H1\"><span class=\"H1\">Yanyong Laositthivarong, <em>Le temps dans La Princesse de Cl\u00e8ves<\/em><\/span><\/li>\n<\/ul>\n<\/div>\n<blockquote>\n<p class=\"H1\" align=\"left\">1988<\/p>\n<\/blockquote>\n<div class=\"H1\" align=\"left\">\n<ul>\n<li>Praneet Pijitwaipreecha, <em>Andr\u00e9 Gide et les protagonistes adolescents dans<strong> La Porte Etroite<\/strong>,<strong> Les Faux-Monnayeurs<\/strong> et <strong>Genevi\u00e8ve<\/strong><\/em><\/li>\n<li>Suraparp Thirawat, <em>Les destin de l&#8217;homme dans les pi\u00e8ces de Samuel Beckett : <strong>En attendant Godot<\/strong>, <strong>Fin de partie <\/strong>et <strong>Oh les beaux jours !<\/strong><\/em><\/li>\n<\/ul>\n<blockquote><\/blockquote>\n<\/div>\n<blockquote class=\"H1\">\n<p align=\"left\">1989<\/p>\n<\/blockquote>\n<div class=\"H1\" align=\"left\">\n<ul>\n<li>Cheunrat Mengtrakul, <em>Analyse du discours et interpr\u00e9tation de l&#8217;image de la femme dans les publicit?s de parfum dans la revue <strong>Elle <\/strong>(1988-1989)<\/em><\/li>\n<li>Surachanee Khattiyasuwong, <em>La mort au coeur de la vie chez Boris Vian dans <strong>L&#8217;Ecume de Jours<\/strong><\/em><\/li>\n<li>Nitiwadee Sriwong, <em>La passion du h?ros : Th\u00e8me g\u00e9n\u00e9rateur de<strong> l&#8217;Education sentimentale<\/strong> de Flaubert<\/em><\/li>\n<li>Suchada Chareonporn, <em>Le roman policier de la s\u00e9rie Maigret de Simenon<\/em><\/li>\n<li>Primrudee Tewvoharn, <em>Strat\u00e9gie conversationnelle chez <strong>Dom Juan<\/strong> de Moli?re<\/em><\/li>\n<\/ul>\n<blockquote><\/blockquote>\n<\/div>\n<blockquote class=\"H1\">\n<p align=\"left\">1990<\/p>\n<\/blockquote>\n<div class=\"H1\" align=\"left\">\n<ul>\n<li>Ariya Thongbai, <em>La fraternit\u00e9 r\u00e9volutionnaire dans <strong>l&#8217;Espoir<\/strong> d&#8217;Andr\u00e9 Malreaux<\/em><\/li>\n<li>Siwaporn Tuankruea, <em>Le mal dans <strong>Lorenzaccio<\/strong> d&#8217;Alfred de Musset<\/em><\/li>\n<\/ul>\n<blockquote><\/blockquote>\n<\/div>\n<blockquote class=\"H1\">\n<p align=\"left\">1991<\/p>\n<\/blockquote>\n<div class=\"H1\" align=\"left\">\n<ul>\n<li>Patchareerat Yanaprasart; <em>Etude comparative des \u00e9quivalents anglais-fran\u00e7ais dans le lexique des affaires<\/em><\/li>\n<li>Wilailak Siriwat<em>, Le fran\u00e7ais parl\u00e9 dans l&#8217;h\u00f4tellerie par les touristes fran\u00e7ais : Etude de cas \u00e0 Phuket<\/em><\/li>\n<li>Ruthairat Sukthavorn, <em>Le pessimisme dans <strong>Voyage au bout de la nuit<\/strong> de C\u00e9line<\/em><\/li>\n<li>Ubon Nuanploy, <em><strong>Ph\u00e8dre<\/strong> de Racine : Approche s\u00e9miotique<\/em><\/li>\n<li>Warunee Udomsilpa,<em> La place de la mort dans l&#8217;oeuvre po\u00e9tique de Ronsard<\/em><\/li>\n<li>Sallaya Ratanopas, <em>Le r\u00f4le de l&#8217;espace sur l&#8217;intrigue et la caract\u00e9risation du personnage principal de <strong>Madame Bovary<\/strong><\/em><\/li>\n<\/ul>\n<blockquote><\/blockquote>\n<\/div>\n<blockquote class=\"H1\">\n<p align=\"left\">1992<\/p>\n<\/blockquote>\n<div align=\"left\">\n<ul>\n<li class=\"H1\">Siriyupa Puakpong, <em>L&#8217;audition et la prononciation des voyelles fran\u00e7aises [e], [E], [o], [ ] chez les \u00e9tudiants de la Facult\u00e9 des Lettres de l&#8217;Universit\u00e9 Chulalongkorn<\/em><\/li>\n<li class=\"H1\">Sak Tongchung, <em>L&#8217;\u00e9tude de l&#8217;espace dans trois romans de Zola :<strong> L&#8217;Assommoir<\/strong>, <strong>Germinal<\/strong> et <strong>La Terre<\/strong><\/em><\/li>\n<li class=\"H1\"><span class=\"H1\">Arunsiri Chansmuch, <em>L&#8217;\u00e9tude stylistique des titres de journaux concernant l&#8217;\u00e9lection pr\u00e9sidentielle en France en 1988<\/em><\/span><\/li>\n<\/ul>\n<\/div>\n<div class=\"H1\" align=\"left\">\n<blockquote><\/blockquote>\n<\/div>\n<blockquote class=\"H1\">\n<p align=\"left\">1994<\/p>\n<\/blockquote>\n<div class=\"H1\" align=\"left\">\n<ul>\n<li>Peerapong Techakarmthon, <em>Le discours mondain et le discours amoureux dans <strong>Un Amour de Swann <\/strong>de Marcel Proust<\/em><\/li>\n<li>Napatsakorn Bangsaynoi, <em>L&#8217;\u00e9mancipation des personnages f\u00e9minins dans les romans d&#8217;Anne H\u00e9bert : <strong>Les Chambres de Bois<\/strong>, <strong>Kamouraska<\/strong>,<strong>Les Enfants du Sabbat<\/strong> et <strong>Les Fous de Bassan<\/strong><\/em><\/li>\n<li>Paleerat Sangasang, <em>La traduction des trois semi-auxiliaires fran\u00e7ais : Pouvoir, devoir et vouloir dans <strong>L&#8217;Etranger<\/strong>, <strong>La Symphonie<\/strong> <strong>Pastorale<\/strong> et<strong>Le Petit Prince<\/strong><\/em><\/li>\n<\/ul>\n<blockquote><\/blockquote>\n<\/div>\n<blockquote class=\"H1\">\n<p align=\"left\">1995<\/p>\n<\/blockquote>\n<div class=\"H1\" align=\"left\">\n<ul>\n<li>Morakot Wattasingha, <em>L&#8217;enfance malheureuse dans<strong> Le Petit Chose<\/strong> et<strong> Jack <\/strong>d&#8217;Alphonse Daudet<\/em><\/li>\n<li>Suchinda Siriwatwattana, <em>L&#8217;\u00e9tude des didascalies dans trois pi\u00e8ces d&#8217;Ionesco : <strong>La Cantatrice Chauve<\/strong>, <strong>Les Chaises <\/strong>et <strong>Rhinoc\u00e9ros<\/strong><\/em><\/li>\n<li>Chantana Wisanrakkit, <em>L&#8217;incommunicablilit\u00e9 des personnages dans les romans de Suzanne Prou<\/em><\/li>\n<li>Thanida Vasudhara, <em>Technique du r\u00e9cit dans s\u00e9rie <strong>Tintin <\/strong>d&#8217;Herg\u00e9<\/em><\/li>\n<\/ul>\n<blockquote><\/blockquote>\n<\/div>\n<blockquote class=\"H1\">\n<p align=\"left\">1996<\/p>\n<\/blockquote>\n<div class=\"H1\" align=\"left\">\n<ul>\n<li>Sarunya Kitikaew, <em>Analyse comparative des discours amoureux dans <strong>La Princesse de Cl\u00e8ves<\/strong> et le <strong>Bal du Comte d&#8217;Orgel<\/strong><\/em><\/li>\n<li>Lada Phumas, <em>La description de la mer dans<strong> Pierre et Jean <\/strong>de Guy de Maupassant<\/em><\/li>\n<li>Sakkarin Sawetmujalin, <em>Le malaise chez les personnages de trois romans de Julien Green<strong> L\u00e9viathan<\/strong>, <strong>Minuit<\/strong>, <strong>Adrienne Mesurat<\/strong><\/em><\/li>\n<li>Teansawang Prawanich, <em>La peur dans les<strong> Contes et Nouvelles<\/strong> de guy de Maupassant<\/em><\/li>\n<li>Thoranin Mepian, <em>La structure interne dans le th\u00e9\u00e2tre de Georges Feydeau<\/em><\/li>\n<\/ul>\n<blockquote><\/blockquote>\n<\/div>\n<blockquote class=\"H1\">\n<p align=\"left\">1999<\/p>\n<\/blockquote>\n<div class=\"H1\" align=\"left\">\n<ul>\n<li>Naowarat Assavatesamongkol, <em>Le r\u00f4le du narrateur et du temps dans deux chroniques romanesques de Jean Giono : <strong>Un roi sans divertissement <\/strong>et <strong>Les \u00e2mes fortes<\/strong><\/em><\/li>\n<li>Tissawas Thumrongsanta, <em>Etude comparative de la stylistique des \u00e9ditoriaux dans <strong>L&#8217;Express<\/strong> et <strong>Le Point<\/strong> en 1992<\/em><\/li>\n<\/ul>\n<blockquote><\/blockquote>\n<\/div>\n<blockquote class=\"H1\">\n<p align=\"left\">2000<\/p>\n<\/blockquote>\n<div align=\"left\">\n<ul>\n<li class=\"H1\">Penlak Wongchongchaiharn, <em>Etude de l&#8217;espace dans Le Chien Jaune de Georges Simenon<\/em><\/li>\n<li class=\"H1\"><span class=\"H1\">Pakpoom Jaimee-aree, <em>Le h\u00e9ros sartrien dans<strong> Le Diable<\/strong> et <strong>Le Bon Dieu<\/strong><\/em><\/span><\/li>\n<\/ul>\n<\/div>\n<blockquote>\n<p class=\"H1\" align=\"left\">2001<\/p>\n<\/blockquote>\n<div class=\"H1\" align=\"left\">\n<ul>\n<li>Sorthong Banjongsawat, <em>Technique de persuasion dans la publication de <strong>M\u00e8decins Sans Fronti\u00e8res<\/strong><\/em><\/li>\n<\/ul>\n<blockquote><\/blockquote>\n<\/div>\n<blockquote class=\"H1\">\n<p align=\"left\">2002<\/p>\n<\/blockquote>\n<div class=\"H1\" align=\"left\">\n<ul>\n<li>Niparat Imsilpa, <em>L&#8217;histoire et la mise en fiction dans <strong>Quatrevingt-treize<\/strong> de Victor Hugo<\/em><\/li>\n<li>Chutarat Yenpat, <em>L&#8217;analyse th\u00e9matique \u00e0 travers les images dans <strong>Au Bonheur des dames <\/strong>d&#8217;Emile Zola<\/em><\/li>\n<\/ul>\n<blockquote><\/blockquote>\n<\/div>\n<blockquote class=\"H1\">\n<p align=\"left\">2003<\/p>\n<\/blockquote>\n<div class=\"H1\" align=\"left\">\n<ul>\n<li>Piriyadit Manit, <em>La dynamique de l&#8217;espace dans les trag\u00e9dies de Racine<\/em><\/li>\n<li>Ronthavan Surisarn, <em>Les emprunts \u00e0 l&#8217;anglais en fran\u00e7ais informatique<\/em><\/li>\n<li>Arthit Wongsanga, <em>&#8221; L&#8217;amour&#8221; dans l&#8217;oeuvre po\u00e9tique de Paul Eluard<\/em><\/li>\n<\/ul>\n<blockquote><\/blockquote>\n<\/div>\n<blockquote class=\"H1\">\n<p align=\"left\">2004<\/p>\n<\/blockquote>\n<div class=\"H1\" align=\"left\">\n<ul>\n<li>Kasidit Vatcharapane, <em>La qu\u00eate de l&#8217;id\u00e9al dans trois oeuvres de Le Cl\u00e9zio : <strong>Mondo et autres histoires<\/strong>, <strong>D\u00e9sert et La ronde<\/strong> et <strong>Autres faits divers<\/strong><\/em><\/li>\n<li>Chuliporn Suvane, <em>Les techniques du r\u00e9cit dans les oeuvres pour jeunesse d&#8217;Henri Bosco : <strong>L&#8217;\u00e2ne culotte<\/strong>, <strong>L&#8217;enfant et la rivi\u00e8re<\/strong> et <strong>Le renard dans l&#8217;\u00eele<\/strong><\/em><\/li>\n<\/ul>\n<blockquote><\/blockquote>\n<\/div>\n<blockquote class=\"H1\">\n<p align=\"left\">2006<\/p>\n<\/blockquote>\n<div align=\"left\">\n<ul>\n<li class=\"H1\">Maliwan Senawong, <em>L&#8217;image de la femme dans quatre romans de Colette : <strong>La Vagabonde<\/strong>, <strong>Ch\u00e9ri<\/strong>, <strong>La Naissance du jour <\/strong>et <strong>La Seconde<\/strong><\/em><\/li>\n<li class=\"H1\">Banthun Ratmanee, <em>La po\u00e9sie fran\u00e7aise de la R\u00e9sistance (1940-1945)<\/em><\/li>\n<li class=\"H1\"><span class=\"H1\">Donthira Janthapan, <em>Etude des adjectifs dans deux romans de Daniel Pennac : <strong>Au bonheur des orgres <\/strong>et <strong>La petite marchande de prose<\/strong><\/em><\/span><\/li>\n<\/ul>\n<blockquote><p>&nbsp;<\/p>\n<p>2008<\/p><\/blockquote>\n<ul>\n<li>Pantharee Boonsathorn, <em>Analyse des publireportages dans les magazines f\u00e9minins fran\u00e7ais<\/em><\/li>\n<li>Pinanong Sutrong, <em>Le traitement du temps dans <strong>Les Boulevards de Ceinture <\/strong>et <strong>Rue des boutiques obscures<\/strong> de Patrick Modiano<\/em><\/li>\n<\/ul>\n<p>&nbsp;<\/p>\n<blockquote>\n<p class=\"H1 style3\">Th\u00e8se de Doctorat du fran\u00e7ais<\/p>\n<p class=\"H1\">2000<\/p>\n<\/blockquote>\n<ul class=\"H1\">\n<li>Warunee Udomsilpa, <em>La po\u00e9tique du corps dans l&#8217;oeuvre romanesque de Marquerite Yourcenar\n<p><\/em>2003<\/li>\n<\/ul>\n<ul class=\"H1\">\n<li>Kanungrat Chansuriya, <em>Analyse du discours des guides de voyages en fran\u00e7ais sur la Tha\u00eflande\n<p><\/em>2004<\/li>\n<\/ul>\n<ul>\n<li><span class=\"H1\">Nipaporn Tirasait, <em>Ecriture th\u00e9\u00e2trale de Nathalie Sarraute<\/em><\/span><\/li>\n<\/ul>\n<blockquote><p>2008<\/p><\/blockquote>\n<ul>\n<li>Piriyadit Manit, <em>La sexualit\u00e9 chez les protagonistes dans le th\u00e9\u00e2tre de Moli\u00e8re : \u00e9tude psychocritique textuelle<\/em><\/li>\n<\/ul>\n<\/div>\n","protected":false},"excerpt":{"rendered":"<p>M\u00e9moires de Maitr\u00eese du fran\u00e7ais M\u00e9moires de Maitr\u00eese du fran\u00e7ais 1973 Walaya Rukapan, Andr\u00e9 Gide et la lib\u00e9ration de l&#8217;individu Varunee Santirojprapai, Etude analytique sur laModification deMichel Butor Panni Soponemani, L&#8217;\u00e9tude analytique sur Un amour de Swann de Marcel Proust 1976 Rachada Sukhangsan, L&#8217;homme &#8211; son m?tier : Etude analytique des romans Terre des Hommes [&hellip;]<\/p>\n","protected":false},"author":1,"featured_media":0,"parent":0,"menu_order":0,"comment_status":"closed","ping_status":"closed","template":"","meta":{"footnotes":""},"class_list":["post-123","page","type-page","status-publish","hentry"],"_links":{"self":[{"href":"https:\/\/www.arts.chula.ac.th\/west\/french\/index.php?rest_route=\/wp\/v2\/pages\/123","targetHints":{"allow":["GET"]}}],"collection":[{"href":"https:\/\/www.arts.chula.ac.th\/west\/french\/index.php?rest_route=\/wp\/v2\/pages"}],"about":[{"href":"https:\/\/www.arts.chula.ac.th\/west\/french\/index.php?rest_route=\/wp\/v2\/types\/page"}],"author":[{"embeddable":true,"href":"https:\/\/www.arts.chula.ac.th\/west\/french\/index.php?rest_route=\/wp\/v2\/users\/1"}],"replies":[{"embeddable":true,"href":"https:\/\/www.arts.chula.ac.th\/west\/french\/index.php?rest_route=%2Fwp%2Fv2%2Fcomments&post=123"}],"version-history":[{"count":0,"href":"https:\/\/www.arts.chula.ac.th\/west\/french\/index.php?rest_route=\/wp\/v2\/pages\/123\/revisions"}],"wp:attachment":[{"href":"https:\/\/www.arts.chula.ac.th\/west\/french\/index.php?rest_route=%2Fwp%2Fv2%2Fmedia&parent=123"}],"curies":[{"name":"wp","href":"https:\/\/api.w.org\/{rel}","templated":true}]}}