{"id":128,"date":"2015-11-09T13:58:05","date_gmt":"2015-11-09T13:58:05","guid":{"rendered":"http:\/\/www.arts.chula.ac.th\/~west\/french\/?page_id=128"},"modified":"2021-07-10T09:13:02","modified_gmt":"2021-07-10T09:13:02","slug":"enseignants","status":"publish","type":"page","link":"https:\/\/www.arts.chula.ac.th\/west\/french\/?page_id=128","title":{"rendered":"Enseignants"},"content":{"rendered":"<p style=\"text-align: center\"><strong>Section de Fran\u00e7ais<br \/>\nD\u00e9partement des Langues Occidentales<br \/>\nFacult\u00e9 des Lettres<br \/>\nUniversit\u00e9 Chulalongkorn<\/strong><\/p>\n<table class=\"table faculty-table\">\n<tbody>\n<tr>\n<td class=\"photo\"><a title=\"\u0e2d\u0e32\u0e08\u0e32\u0e23\u0e22\u0e4c \u0e14\u0e23.\u0e27\u0e23\u0e38\u0e13\u0e35 \u0e2d\u0e38\u0e14\u0e21\u0e28\u0e34\u0e25\u0e1b\" href=\"http:\/\/www.arts.chula.ac.th\/~west\/french\/faculty\/aj_warunee\/\"><img loading=\"lazy\" decoding=\"async\" class=\"attachment-post-thumbnail wp-post-image\" src=\"http:\/\/www.arts.chula.ac.th\/~west\/french\/wp-content\/uploads\/sites\/3\/2015\/11\/AjWarunee.jpg\" alt=\"AjWarunee\" width=\"147\" height=\"200\" \/><\/a><\/td>\n<td class=\"name\">\n<p class=\"entry-title\"><a href=\"http:\/\/www.arts.chula.ac.th\/~west\/french\/faculty\/aj_warunee-fr\/\" rel=\"bookmark\">Dr. Warunee UDOMSILPA<\/a><\/p>\n<\/td>\n<\/tr>\n<tr>\n<td class=\"photo\"><a title=\"\u0e2d\u0e32\u0e08\u0e32\u0e23\u0e22\u0e4c \u0e14\u0e23.\u0e2d\u0e15\u0e34\u0e1e\u0e23 \u0e40\u0e2a\u0e16\u0e35\u0e22\u0e23\u0e2a\u0e38\u0e15\" href=\"http:\/\/www.arts.chula.ac.th\/~west\/french\/faculty\/aj_atiporn\/\"><img loading=\"lazy\" decoding=\"async\" class=\"attachment-post-thumbnail wp-post-image\" src=\"http:\/\/www.arts.chula.ac.th\/~west\/french\/wp-content\/uploads\/sites\/3\/2015\/11\/AjAtiporn.jpg\" alt=\"AjAtiporn\" width=\"150\" height=\"200\" \/><\/a><\/td>\n<td class=\"name\">\n<p class=\"entry-title\"><a href=\"http:\/\/www.arts.chula.ac.th\/~west\/french\/faculty\/aj_atiporn-fr\/\" rel=\"bookmark\">Dr. Atiporn SATHIRASUT<\/a><\/p>\n<\/td>\n<\/tr>\n<tr>\n<td class=\"photo\"><img loading=\"lazy\" decoding=\"async\" class=\"alignnone size-medium wp-image-227\" src=\"http:\/\/www.arts.chula.ac.th\/~west\/french\/wp-content\/uploads\/sites\/3\/2015\/11\/PRD-profile-picture-300x191.jpg\" alt=\"\" width=\"300\" height=\"191\" srcset=\"https:\/\/www.arts.chula.ac.th\/west\/french\/wp-content\/uploads\/sites\/3\/2015\/11\/PRD-profile-picture-300x191.jpg 300w, https:\/\/www.arts.chula.ac.th\/west\/french\/wp-content\/uploads\/sites\/3\/2015\/11\/PRD-profile-picture-768x488.jpg 768w, https:\/\/www.arts.chula.ac.th\/west\/french\/wp-content\/uploads\/sites\/3\/2015\/11\/PRD-profile-picture.jpg 859w\" sizes=\"auto, (max-width: 300px) 100vw, 300px\" \/><\/td>\n<td class=\"name\">\n<p class=\"entry-title\"><a href=\"http:\/\/www.arts.chula.ac.th\/~west\/french\/faculty\/aj_piriyadit-fr\/\" rel=\"bookmark\">Dr. Piriyadit MANIT<\/a><\/p>\n<\/td>\n<\/tr>\n<tr>\n<td class=\"photo\"><img loading=\"lazy\" decoding=\"async\" class=\"alignnone size-full wp-image-206\" src=\"http:\/\/www.arts.chula.ac.th\/~west\/french\/wp-content\/uploads\/sites\/3\/2015\/11\/1.jpg\" alt=\"1\" width=\"150\" height=\"200\" \/><\/td>\n<td class=\"name\">\n<p class=\"entry-title\"><a href=\"http:\/\/www.arts.chula.ac.th\/~west\/french\/faculty\/aj_natthaporn-fr\/\">Dr. Natthaporn KANJANAPINYOWONG<\/a><\/p>\n<\/td>\n<\/tr>\n<tr>\n<td class=\"photo\"><img loading=\"lazy\" decoding=\"async\" class=\"alignnone size-medium wp-image-221\" src=\"http:\/\/www.arts.chula.ac.th\/~west\/french\/wp-content\/uploads\/sites\/3\/2021\/07\/VNC-Dhevalai-1-3-244x300.jpg\" alt=\"\" width=\"244\" height=\"300\" srcset=\"https:\/\/www.arts.chula.ac.th\/west\/french\/wp-content\/uploads\/sites\/3\/2021\/07\/VNC-Dhevalai-1-3-244x300.jpg 244w, https:\/\/www.arts.chula.ac.th\/west\/french\/wp-content\/uploads\/sites\/3\/2021\/07\/VNC-Dhevalai-1-3-768x946.jpg 768w, https:\/\/www.arts.chula.ac.th\/west\/french\/wp-content\/uploads\/sites\/3\/2021\/07\/VNC-Dhevalai-1-3-831x1024.jpg 831w, https:\/\/www.arts.chula.ac.th\/west\/french\/wp-content\/uploads\/sites\/3\/2021\/07\/VNC-Dhevalai-1-3.jpg 1332w\" sizes=\"auto, (max-width: 244px) 100vw, 244px\" \/><\/td>\n<td class=\"name\">\n<p class=\"entry-title\"><a href=\"http:\/\/www.arts.chula.ac.th\/~west\/french\/faculty\/vanichcha-kanchanobhas\/\">Dr. Vanichcha KANCHANOBHAS<\/a><\/p>\n<\/td>\n<\/tr>\n<tr>\n<td class=\"photo\"><a title=\"\u0e2d\u0e32\u0e08\u0e32\u0e23\u0e22\u0e4c\u0e08\u0e39\u0e25\u0e35 \u0e23\u0e31\u0e0a\u0e15\u0e23\u0e13\u0e0a\u0e31\u0e22-\u0e1b\u0e07\u0e42\u0e1b\u0e19\u0e35 (Madame Julie POMPONI)\" href=\"http:\/\/www.arts.chula.ac.th\/~west\/french\/faculty\/aj_julie\/\"><img loading=\"lazy\" decoding=\"async\" class=\"attachment-post-thumbnail wp-post-image\" src=\"http:\/\/www.arts.chula.ac.th\/~west\/french\/wp-content\/uploads\/sites\/3\/2015\/11\/AjJulie.jpg\" alt=\"AjJulie\" width=\"144\" height=\"200\" \/><\/a><\/td>\n<td class=\"name\">\n<p class=\"entry-title\"><a href=\"http:\/\/www.arts.chula.ac.th\/~west\/french\/faculty\/aj_julie-fr\/\" rel=\"bookmark\">Madame Julie POMPONI<\/a><\/p>\n<\/td>\n<\/tr>\n<tr>\n<td class=\"photo\"><a title=\"\u0e2d\u0e32\u0e08\u0e32\u0e23\u0e22\u0e4c\u0e42\u0e0b\u0e1f\u0e35 \u0e41\u0e27\u0e07\u0e0b\u0e2d\u0e07\u0e15\u0e4c (Sophie VINCENT)\" href=\"http:\/\/www.arts.chula.ac.th\/~west\/french\/faculty\/aj_sophie\/\"><img loading=\"lazy\" decoding=\"async\" class=\"attachment-post-thumbnail wp-post-image\" src=\"http:\/\/www.arts.chula.ac.th\/~west\/french\/wp-content\/uploads\/sites\/3\/2015\/11\/AjSophie.jpg\" alt=\"AjSophie\" width=\"150\" height=\"200\" \/><\/a><\/td>\n<td class=\"name\">\n<p class=\"entry-title\"><a href=\"http:\/\/www.arts.chula.ac.th\/~west\/french\/faculty\/aj_sophie-fr\/\" rel=\"bookmark\">Madame Sophie VINCENT<\/a><\/p>\n<\/td>\n<\/tr>\n<\/tbody>\n<\/table>\n","protected":false},"excerpt":{"rendered":"<p>Section de Fran\u00e7ais D\u00e9partement des Langues Occidentales Facult\u00e9 des Lettres Universit\u00e9 Chulalongkorn Dr. Warunee UDOMSILPA Dr. Atiporn SATHIRASUT Dr. Piriyadit MANIT Dr. Natthaporn KANJANAPINYOWONG Dr. Vanichcha KANCHANOBHAS Madame Julie POMPONI Madame Sophie VINCENT<\/p>\n","protected":false},"author":1,"featured_media":0,"parent":0,"menu_order":0,"comment_status":"closed","ping_status":"closed","template":"faculty.php","meta":{"footnotes":""},"class_list":["post-128","page","type-page","status-publish","hentry"],"_links":{"self":[{"href":"https:\/\/www.arts.chula.ac.th\/west\/french\/index.php?rest_route=\/wp\/v2\/pages\/128","targetHints":{"allow":["GET"]}}],"collection":[{"href":"https:\/\/www.arts.chula.ac.th\/west\/french\/index.php?rest_route=\/wp\/v2\/pages"}],"about":[{"href":"https:\/\/www.arts.chula.ac.th\/west\/french\/index.php?rest_route=\/wp\/v2\/types\/page"}],"author":[{"embeddable":true,"href":"https:\/\/www.arts.chula.ac.th\/west\/french\/index.php?rest_route=\/wp\/v2\/users\/1"}],"replies":[{"embeddable":true,"href":"https:\/\/www.arts.chula.ac.th\/west\/french\/index.php?rest_route=%2Fwp%2Fv2%2Fcomments&post=128"}],"version-history":[{"count":11,"href":"https:\/\/www.arts.chula.ac.th\/west\/french\/index.php?rest_route=\/wp\/v2\/pages\/128\/revisions"}],"predecessor-version":[{"id":242,"href":"https:\/\/www.arts.chula.ac.th\/west\/french\/index.php?rest_route=\/wp\/v2\/pages\/128\/revisions\/242"}],"wp:attachment":[{"href":"https:\/\/www.arts.chula.ac.th\/west\/french\/index.php?rest_route=%2Fwp%2Fv2%2Fmedia&parent=128"}],"curies":[{"name":"wp","href":"https:\/\/api.w.org\/{rel}","templated":true}]}}