{"id":144,"date":"2015-11-09T14:54:15","date_gmt":"2015-11-09T14:54:15","guid":{"rendered":"http:\/\/www.arts.chula.ac.th\/~west\/french\/?page_id=144"},"modified":"2015-11-09T15:03:23","modified_gmt":"2015-11-09T15:03:23","slug":"undergrad-fr","status":"publish","type":"page","link":"https:\/\/www.arts.chula.ac.th\/west\/french\/?page_id=144","title":{"rendered":"Licence de fran\u00e7ais"},"content":{"rendered":"<h3 class=\"text-center\" style=\"text-align: center;\">Licence de fran\u00e7ais<\/h3>\n<h4>Responsable<\/h4>\n<ul>\n<li>Section de fran\u00e7ais, D\u00e9partement des langues occidentales, Facult\u00e9 des Lettres, Universit\u00e9 Chulalongkorn<\/li>\n<\/ul>\n<h4>Objectif<\/h4>\n<ul>\n<li>Former les \u00e9tudiants en langue fran\u00e7aise pour la vie professionnelle et pour poursuivre leurs \u00e9tudes au niveau sup\u00e9rieur. Les \u00e9tudiants apprendront \u00e0 mieux conna\u00eetre la civilisation, la litt\u00e9rature, les id\u00e9es et la culture des pays francophones. Gr\u00e2ce \u00e0 leurs analyses, leurs recherches et leurs esprits critiques, ils doivent \u00eatre capables de r\u00e9employer leurs savoirs dans la soci\u00e9t\u00e9 actuelle.<\/li>\n<\/ul>\n<h4>Structure g\u00e9n\u00e9rale des \u00e9tudes<\/h4>\n<ul>\n<li>La licence est constitu\u00e9e de 71 cr\u00e9dits.<\/li>\n<\/ul>\n<p>La section de fran\u00e7ais offre aux \u00e9tudiants de la facult\u00e9 des lettres la possibilit\u00e9 d&#8217;\u00e9tudier le fran\u00e7ais en tant que mati\u00e8re principale ou en tant que mati\u00e8re secondaire. Cependant les \u00e9tudiants venant des autres facult\u00e9s ont \u00e9galement la possibilit\u00e9 de prendre des cours de fran\u00e7ais comme mati\u00e8re mineure.<\/p>\n<table class=\"table\">\n<tbody>\n<tr>\n<td><b>Mati\u00e8re principale-secondaire<\/b><\/td>\n<td>71 cr\u00e9dits<\/td>\n<\/tr>\n<tr>\n<td><b>Mati\u00e8re principale<\/b><br \/>\n&#8211; cours obligatoires<br \/>\n&#8211; cours optionnels<\/td>\n<td>51 cr\u00e9dits<br \/>\n31 cr\u00e9dits<br \/>\n20 cr\u00e9dits<\/td>\n<\/tr>\n<tr>\n<td><b>Mati\u00e8re secondaire *<\/b><\/td>\n<td>20 cr\u00e9dits au moins<\/td>\n<\/tr>\n<\/tbody>\n<\/table>\n<p>*Remarque<\/p>\n<p>Les \u00e9tudiants majeurs en fran\u00e7ais doivent choisir en plus d&#8217;autres cours propos\u00e9s soit par la facult\u00e9 des lettres soit par d&#8217;autres facult\u00e9s en tant que mati\u00e8re secondaire. La totalit\u00e9 des cours doit former au moins 20 cr\u00e9dits.<\/p>\n<table class=\"table\">\n<tbody>\n<tr>\n<td><b>Mati\u00e8re secondaire<\/b><\/td>\n<td>20 cr\u00e9dits<\/td>\n<\/tr>\n<tr>\n<td><b>I.Pour les \u00e9tudiants de la facult\u00e9 des lettres<\/b><br \/>\n&#8211; cours obligatoires<br \/>\n&#8211; cours optionnels<\/td>\n<td>16 cr\u00e9dits<br \/>\n4 cr\u00e9dits<\/td>\n<\/tr>\n<tr>\n<td><b>II.Pour les \u00e9tudiants venant d&#8217;autres facult\u00e9s<\/b><br \/>\n&#8211; cours obligatoires<br \/>\n&#8211; cours optionnels<\/td>\n<td>12 cr\u00e9dits<br \/>\n8 cr\u00e9dits<\/td>\n<\/tr>\n<\/tbody>\n<\/table>\n<div style=\"width: 100%; text-align: center;\"><a class=\"btn btn-default\" href=\"http:\/\/www.arts.chula.ac.th\/~west\/french\/undergrad-fr\/subject-fr\/\">Liste des cours<\/a>\u00a0<a class=\"btn btn-default\" href=\"http:\/\/www.arts.chula.ac.th\/~west\/french\/undergrad-fr\/cdescription-fr\/\">Description des cours<\/a>\u00a0<a class=\"btn btn-default\" href=\"http:\/\/www.arts.chula.ac.th\/~west\/french\/undergrad-fr\/plan-fr\/\">Organisation des \u00e9tudes<\/a><\/div>\n","protected":false},"excerpt":{"rendered":"<p>Licence de fran\u00e7ais Responsable Section de fran\u00e7ais, D\u00e9partement des langues occidentales, Facult\u00e9 des Lettres, Universit\u00e9 Chulalongkorn Objectif Former les \u00e9tudiants en langue fran\u00e7aise pour la vie professionnelle et pour poursuivre leurs \u00e9tudes au niveau sup\u00e9rieur. Les \u00e9tudiants apprendront \u00e0 mieux conna\u00eetre la civilisation, la litt\u00e9rature, les id\u00e9es et la culture des pays francophones. Gr\u00e2ce \u00e0 [&hellip;]<\/p>\n","protected":false},"author":1,"featured_media":0,"parent":0,"menu_order":0,"comment_status":"closed","ping_status":"closed","template":"","meta":{"footnotes":""},"class_list":["post-144","page","type-page","status-publish","hentry"],"_links":{"self":[{"href":"https:\/\/www.arts.chula.ac.th\/west\/french\/index.php?rest_route=\/wp\/v2\/pages\/144","targetHints":{"allow":["GET"]}}],"collection":[{"href":"https:\/\/www.arts.chula.ac.th\/west\/french\/index.php?rest_route=\/wp\/v2\/pages"}],"about":[{"href":"https:\/\/www.arts.chula.ac.th\/west\/french\/index.php?rest_route=\/wp\/v2\/types\/page"}],"author":[{"embeddable":true,"href":"https:\/\/www.arts.chula.ac.th\/west\/french\/index.php?rest_route=\/wp\/v2\/users\/1"}],"replies":[{"embeddable":true,"href":"https:\/\/www.arts.chula.ac.th\/west\/french\/index.php?rest_route=%2Fwp%2Fv2%2Fcomments&post=144"}],"version-history":[{"count":0,"href":"https:\/\/www.arts.chula.ac.th\/west\/french\/index.php?rest_route=\/wp\/v2\/pages\/144\/revisions"}],"wp:attachment":[{"href":"https:\/\/www.arts.chula.ac.th\/west\/french\/index.php?rest_route=%2Fwp%2Fv2%2Fmedia&parent=144"}],"curies":[{"name":"wp","href":"https:\/\/api.w.org\/{rel}","templated":true}]}}