{"id":161,"date":"2015-11-09T15:06:34","date_gmt":"2015-11-09T15:06:34","guid":{"rendered":"http:\/\/www.arts.chula.ac.th\/~west\/french\/?page_id=161"},"modified":"2026-01-08T06:15:36","modified_gmt":"2026-01-08T06:15:36","slug":"home-fr","status":"publish","type":"page","link":"https:\/\/www.arts.chula.ac.th\/west\/french\/?page_id=161","title":{"rendered":"Home-FR"},"content":{"rendered":"<p align=\"center\"><strong>Section de fran\u00e7ais<br \/>\nD\u00e9partement des langues occidentales &#8211; Facult\u00e9 des Lettres<br \/>\nUniversit\u00e9 Chulalongkorn<\/strong><\/p>\n<p class=\"H1\">L&#8217;enseignement de la licence de fran\u00e7ais a vu le jour \u00e0 l&#8217;universit\u00e9 Chulalongkorn en 1934 et plus tard, la ma\u00eetrise de fran\u00e7ais en 1942. Pourvue d&#8217;un corps enseignant comp\u00e9tent et de longues ann\u00e9es d&#8217;exp\u00e9rience, la Section de fran\u00e7ais du D\u00e9partement des langues occidentales de la Facult\u00e9 des Lettres a con\u00e7u le projet d&#8217;\u00e9tudes doctorales, projet qui s&#8217;est concr\u00e8tis\u00e9 en 1995 gr\u00e2ce au soutien des services culturels, scientifiques et de coop\u00e9ration de l&#8217;Ambassade de France en Tha\u00eflande ainsi qu&#8217;au concours de l&#8217;universit\u00e9 de la Sorbonne Nouvelle Paris III. Depuis lors, notre D\u00e9partement des langues occidentales demeure le premier et le seul en Asie \u00e0 pr\u00e9parer les \u00e9tudiants au dipl\u00f4me de doctorat en langue et litt\u00e9rature fran\u00e7aises.<\/p>\n<p>Par ailleurs, la Section de fran\u00e7ais du D\u00e9partement des langues occidentales offre aussi des cours de fran\u00e7ais aux \u00e9tudiants d&#8217;autres facult\u00e9s comme les \u00e9tudiants de la Facult\u00e9 de P\u00e9dagogie, de Science Politique et de Droit. De plus, chaque ann\u00e9e, nous organisons des s\u00e9minaires, des formations continues de la traduction, des guides touristiques etc.<\/p>\n<p class=\"H1\">Actuellement, nous sommes en train de pr\u00e9parer un nouveau programme pour la ma\u00eetrise, <strong>Le Fran\u00e7ais dans le Monde des Affaires<\/strong>, pr\u00e9vu pour la rentr\u00e9e 2005-2006.<\/p>\n<p class=\"H1\"><strong>Section de fran\u00e7ais <\/strong><br \/>\n<strong>D\u00e9partement des langues occidentales<\/strong><br \/>\n<strong>Facult\u00e9 des Lettres<\/strong><br \/>\nTel. 02 218 4773<br \/>\nFax : 02 218 477<\/p>\n","protected":false},"excerpt":{"rendered":"<p>Section de fran\u00e7ais D\u00e9partement des langues occidentales &#8211; Facult\u00e9 des Lettres Universit\u00e9 Chulalongkorn L&#8217;enseignement de la licence de fran\u00e7ais a vu le jour \u00e0 l&#8217;universit\u00e9 Chulalongkorn en 1934 et plus tard, la ma\u00eetrise de fran\u00e7ais en 1942. Pourvue d&#8217;un corps enseignant comp\u00e9tent et de longues ann\u00e9es d&#8217;exp\u00e9rience, la Section de fran\u00e7ais du D\u00e9partement des langues [&hellip;]<\/p>\n","protected":false},"author":1,"featured_media":0,"parent":0,"menu_order":0,"comment_status":"closed","ping_status":"open","template":"","meta":{"footnotes":""},"class_list":["post-161","page","type-page","status-publish","hentry"],"_links":{"self":[{"href":"https:\/\/www.arts.chula.ac.th\/west\/french\/index.php?rest_route=\/wp\/v2\/pages\/161","targetHints":{"allow":["GET"]}}],"collection":[{"href":"https:\/\/www.arts.chula.ac.th\/west\/french\/index.php?rest_route=\/wp\/v2\/pages"}],"about":[{"href":"https:\/\/www.arts.chula.ac.th\/west\/french\/index.php?rest_route=\/wp\/v2\/types\/page"}],"author":[{"embeddable":true,"href":"https:\/\/www.arts.chula.ac.th\/west\/french\/index.php?rest_route=\/wp\/v2\/users\/1"}],"replies":[{"embeddable":true,"href":"https:\/\/www.arts.chula.ac.th\/west\/french\/index.php?rest_route=%2Fwp%2Fv2%2Fcomments&post=161"}],"version-history":[{"count":1,"href":"https:\/\/www.arts.chula.ac.th\/west\/french\/index.php?rest_route=\/wp\/v2\/pages\/161\/revisions"}],"predecessor-version":[{"id":562,"href":"https:\/\/www.arts.chula.ac.th\/west\/french\/index.php?rest_route=\/wp\/v2\/pages\/161\/revisions\/562"}],"wp:attachment":[{"href":"https:\/\/www.arts.chula.ac.th\/west\/french\/index.php?rest_route=%2Fwp%2Fv2%2Fmedia&parent=161"}],"curies":[{"name":"wp","href":"https:\/\/api.w.org\/{rel}","templated":true}]}}