{"id":175,"date":"2015-11-09T15:21:42","date_gmt":"2015-11-09T15:21:42","guid":{"rendered":"http:\/\/www.arts.chula.ac.th\/~west\/french\/?page_id=175"},"modified":"2015-11-09T15:30:01","modified_gmt":"2015-11-09T15:30:01","slug":"master-fr","status":"publish","type":"page","link":"https:\/\/www.arts.chula.ac.th\/west\/french\/?page_id=175","title":{"rendered":"Ma\u00eetrise de fran\u00e7ais"},"content":{"rendered":"<h3 align=\"center\">Ma\u00eetrise de fran\u00e7ais<\/h3>\n<h4>Responsable<\/h4>\n<p>Section de fran\u00e7ais, D\u00e9partement des langues occidentales, Facult\u00e9 des Lettres, Universit\u00e9 Chulalongkorn<\/p>\n<h4>Objectif<\/h4>\n<p>Une connaissance approfondie de la langue fran\u00e7aise en linguistique et en litt\u00e9rature en insistance sur le travail de recherche individuelle. Les \u00e9tudiants doivent savoir utiliser le fran\u00e7ais correctement et \u00eatre capables de poursuivre la recherche au niveau sup\u00e9rieur.<\/p>\n<h4>Structure g\u00e9n\u00e9rale des \u00e9tudes<\/h4>\n<p>La ma\u00eetrise est constitu\u00e9e de 36 cr\u00e9dits. Elle se concentre sur le travail de recherche des \u00e9tudiants, le M\u00e9moire (avec ses 18 cr\u00e9dits) repr\u00e9sentant la moiti\u00e9 du total des cr\u00e9dits.<\/p>\n<p>Dur\u00e9e des \u00e9tudes : 2 \u00e0 4 ans au maximum<\/p>\n<table class=\"table\">\n<tbody>\n<tr>\n<td>\n<p class=\"H1\" align=\"center\"><strong>Total des Cr\u00e9dits<\/strong><\/p>\n<\/td>\n<td width=\"205\">\n<p class=\"H1\" align=\"center\"><strong>36 cr\u00e9dits<\/strong><\/p>\n<\/td>\n<\/tr>\n<tr>\n<td>\n<p class=\"H1\" align=\"left\">Cours obigatoire<br \/>\nCours optionnels obigatoires<br \/>\nCours optionnels<\/p>\n<\/td>\n<td>\n<p class=\"H1\" align=\"center\">3 cr\u00e9dits<br \/>\n3 cr\u00e9dits<br \/>\n12 cr\u00e9dits<\/p>\n<\/td>\n<\/tr>\n<tr>\n<td>\n<p class=\"H1\" align=\"center\">M\u00e9moire<\/p>\n<\/td>\n<td>\n<p class=\"H1\" align=\"center\">18 cr\u00e9dits<\/p>\n<\/td>\n<\/tr>\n<\/tbody>\n<\/table>\n<div style=\"width: 100%; text-align: center;\"><a class=\"btn btn-default\" href=\"http:\/\/www.arts.chula.ac.th\/~west\/french\/master-fr\/subject-fr\/\">Liste des cours<\/a>\u00a0<a class=\"btn btn-default\" href=\"http:\/\/www.arts.chula.ac.th\/~west\/french\/master-fr\/cdescription-fr\/\">Description des cours<\/a>\u00a0<a class=\"btn btn-default\" href=\"http:\/\/www.arts.chula.ac.th\/~west\/french\/master-fr\/plan-fr\/\">Organisation des \u00e9tudes<\/a><\/div>\n","protected":false},"excerpt":{"rendered":"<p>Ma\u00eetrise de fran\u00e7ais Responsable Section de fran\u00e7ais, D\u00e9partement des langues occidentales, Facult\u00e9 des Lettres, Universit\u00e9 Chulalongkorn Objectif Une connaissance approfondie de la langue fran\u00e7aise en linguistique et en litt\u00e9rature en insistance sur le travail de recherche individuelle. Les \u00e9tudiants doivent savoir utiliser le fran\u00e7ais correctement et \u00eatre capables de poursuivre la recherche au niveau sup\u00e9rieur. [&hellip;]<\/p>\n","protected":false},"author":1,"featured_media":0,"parent":0,"menu_order":0,"comment_status":"closed","ping_status":"closed","template":"","meta":{"footnotes":""},"class_list":["post-175","page","type-page","status-publish","hentry"],"_links":{"self":[{"href":"https:\/\/www.arts.chula.ac.th\/west\/french\/index.php?rest_route=\/wp\/v2\/pages\/175","targetHints":{"allow":["GET"]}}],"collection":[{"href":"https:\/\/www.arts.chula.ac.th\/west\/french\/index.php?rest_route=\/wp\/v2\/pages"}],"about":[{"href":"https:\/\/www.arts.chula.ac.th\/west\/french\/index.php?rest_route=\/wp\/v2\/types\/page"}],"author":[{"embeddable":true,"href":"https:\/\/www.arts.chula.ac.th\/west\/french\/index.php?rest_route=\/wp\/v2\/users\/1"}],"replies":[{"embeddable":true,"href":"https:\/\/www.arts.chula.ac.th\/west\/french\/index.php?rest_route=%2Fwp%2Fv2%2Fcomments&post=175"}],"version-history":[{"count":0,"href":"https:\/\/www.arts.chula.ac.th\/west\/french\/index.php?rest_route=\/wp\/v2\/pages\/175\/revisions"}],"wp:attachment":[{"href":"https:\/\/www.arts.chula.ac.th\/west\/french\/index.php?rest_route=%2Fwp%2Fv2%2Fmedia&parent=175"}],"curies":[{"name":"wp","href":"https:\/\/api.w.org\/{rel}","templated":true}]}}