{"id":114,"date":"2015-11-08T11:27:25","date_gmt":"2015-11-08T11:27:25","guid":{"rendered":"http:\/\/www.arts.chula.ac.th\/~west\/spanish\/?page_id=114"},"modified":"2018-06-20T06:33:39","modified_gmt":"2018-06-20T06:33:39","slug":"ix_congreso_aah_2016","status":"publish","type":"page","link":"https:\/\/www.arts.chula.ac.th\/west\/spanish\/ix_congreso_aah_2016\/","title":{"rendered":"IX Congreso AAH 2016 Presentacion"},"content":{"rendered":"<p style=\"text-align: justify\"><img loading=\"lazy\" decoding=\"async\" class=\"wp-image-115 alignleft\" src=\"http:\/\/www.arts.chula.ac.th\/~west\/spanish\/wp-content\/uploads\/sites\/6\/2015\/11\/Hispanistas2016_Banner1.jpg\" alt=\"Hispanistas2016_Banner\" width=\"659\" height=\"274\" srcset=\"https:\/\/www.arts.chula.ac.th\/west\/spanish\/wp-content\/uploads\/sites\/6\/2015\/11\/Hispanistas2016_Banner1.jpg 558w, https:\/\/www.arts.chula.ac.th\/west\/spanish\/wp-content\/uploads\/sites\/6\/2015\/11\/Hispanistas2016_Banner1-300x125.jpg 300w\" sizes=\"auto, (max-width: 659px) 100vw, 659px\" \/><\/p>\n<p>&nbsp;<\/p>\n<p>&nbsp;<\/p>\n<p>&nbsp;<\/p>\n<p>&nbsp;<\/p>\n<p>&nbsp;<\/p>\n<p>&nbsp;<\/p>\n<p>&nbsp;<\/p>\n<p>&nbsp;<\/p>\n<h3><span style=\"color: #993366\"><strong>**Para acceder a las Actas del Congreso pulse <span style=\"color: #3366ff\"><a style=\"color: #3366ff\" href=\"http:\/\/www.sinoele.org\/index.php\/component\/content\/article?id=314\">aqu\u00ed<\/a>.<\/span> **<\/strong><\/span><\/h3>\n<p>La Asociaci\u00f3n Asi\u00e1tica de Hispanistas (AAH) y la Universidad de Chulalongkorn (CU) organizan el IX Congreso Internacional en Bangkok, Tailandia, del 22 al 24 de enero de 2016.<\/p>\n<p><strong>I. OBJETIVO<\/strong><\/p>\n<p>Fundada en 1985, la Asociaci\u00f3n Asi\u00e1tica de Hispanistas es una Instituci\u00f3n de car\u00e1cter cient\u00edfico y acad\u00e9mico en Asia cuyos objetivos son fomentar la red de cooperaci\u00f3n entre los hispanistas a nivel internacional y promover los estudios de la lengua castellana y de la cultura espa\u00f1ola e hispanoamericana as\u00ed como su difusi\u00f3n en Asia. Cada tres a\u00f1os celebra un congreso internacional que cuenta con una nutrida participaci\u00f3n de hispanistas provenientes de Asia, Espa\u00f1a y Latinoam\u00e9rica, y otras regiones del mundo. Dichos congresos intentan adem\u00e1s ofrecer un espacio de encuentro entre los docentes e investigadores dedicados al hispanismo donde puedan intercambiar logros acad\u00e9micos y experiencias profesionales.<\/p>\n<p>La Universidad de Chulalongkorn uni\u00e9ndose a los objetivos de la AAH, ha acogido con gran entusiasmo la invitaci\u00f3n para ser la anfitriona de la pr\u00f3xima edici\u00f3n del congreso que se realizar\u00e1 del 22 al 24 de enero de 2016 en Bangkok, Tailandia.<\/p>\n<p><strong>II. \u00c1REAS TEM\u00c1TICAS<\/strong><\/p>\n<p>El IX Congreso se celebrar\u00e1 bajo el tema de <strong>Hacia el Espa\u00f1ol sin Fronteras<\/strong>, en el cual se proponen las siguientes \u00e1reas tem\u00e1ticas:<\/p>\n<p>a. Ling\u00fc\u00edstica<br \/>\nb. Literatura<br \/>\nc. Did\u00e1ctica<br \/>\nd. Traducci\u00f3n<br \/>\ne. Cultura<\/p>\n<p><strong>III. PARTICIPACI\u00f3N Y CELEBRACI\u00f3N<\/strong><\/p>\n<p><strong>1. Lugar:<\/strong> Facultad de Letras, Universidad de Chulalongkorn<br \/>\n<strong>2. Fechas de celebraci\u00f3n:<\/strong> 22 al 24 de enero de 2016<br \/>\n<strong>3. Lengua de comunicaci\u00f3n:<\/strong> Espa\u00f1ol<br \/>\n<strong>4. Propuesta de participaci\u00f3n:<\/strong> los interesados deber\u00e1n enviar el resumen (v\u00e9ase las normas del resumen <a href=\"http:\/\/www.arts.chula.ac.th\/~west\/Spanish\/IX_Congreso_AAH_2016\/?p=normas_de_publicacion\">aqu\u00ed<\/a>)<a href=\"https:\/\/docs.google.com\/forms\/d\/18UFJgSAs4q-bTjOgl2lTAii9OhYg8BOo_28UOYpGJjY\/viewform\">online<\/a> o a la direcci\u00f3n del correo electr\u00f3nico <a href=\"mailto:aah2016.bkk@gmail.com\">aah2016.bkk@gmail.com<\/a> antes del <strong>4 de octubre de 2015<\/strong>, detallando los siguientes datos:<\/p>\n<ul>\n<li>T\u00edtulo<\/li>\n<li>\u00c1rea tem\u00e1tica<\/li>\n<li>Nombre completo y correo electr\u00f3nico del autor (autores)<\/li>\n<li>Centro de trabajo<\/li>\n<li>Medios t\u00e9cnicos necesarios para su exposici\u00f3n.<\/li>\n<li>Breve curr\u00edculum del autor (autores) (m\u00e1ximo, 10 l\u00edneas)<\/li>\n<\/ul>\n<p><strong>5. Aceptaci\u00f3n de propuesta de participaci\u00f3n:<\/strong> ser\u00e1 comunicada a los interesados por correo electr\u00f3nico antes del<strong>25 de octubre de 2015<\/strong>.<br \/>\n<strong>6. Fecha l\u00edmite de entrega del texto completo de la comunicaci\u00f3n:<\/strong> los textos completos deber\u00e1n enviarse por correo electr\u00f3nico antes del <strong>8 de enero de 2016<\/strong>. V\u00e9ase las normas de redacci\u00f3n <a href=\"http:\/\/www.arts.chula.ac.th\/~west\/Spanish\/IX_Congreso_AAH_2016\/?p=normas_de_publicacion\">aqu\u00ed<\/a>.<br \/>\n<strong>7. Tiempo estimado de la duraci\u00f3n de la comunicaci\u00f3n:<\/strong> 20 minutos (15 min. de exposici\u00f3n y 5 min. de preguntas) .<br \/>\n<strong>8. Importe de inscripci\u00f3n:<\/strong><\/p>\n<p>Antes del 15 de noviembre de 2015: 3.500 BAHTS.<br \/>\nA partir del 15 de noviembre de 2015: 4.500 BAHTS<\/p>\n<p><strong>9. Alojamiento:<\/strong> Existe la posibilidad de alojarse en la residencia CU I-House, al lado del campus universitario donde se celebrar\u00e1 el congreso, por 900 baht por noche y habitaci\u00f3n (aproximadamente 24 \u20ac \/ 28 USD). En caso de querer alojarse en <strong>CU I-House<\/strong> hay que especificarlo en la hoja de inscripci\u00f3n antes del <strong>15 de noviembre de 2015<\/strong>.<\/p>\n","protected":false},"excerpt":{"rendered":"<p>&nbsp; &nbsp; &nbsp; &nbsp; &nbsp; &nbsp; &nbsp; &nbsp; **Para acceder a las Actas del Congreso pulse aqu\u00ed. ** La Asociaci\u00f3n Asi\u00e1tica de Hispanistas (AAH) y la Universidad de Chulalongkorn (CU) organizan el IX Congreso Internacional en Bangkok, Tailandia, del 22 al 24 de enero de 2016. I. OBJETIVO Fundada en 1985, la Asociaci\u00f3n Asi\u00e1tica de [&hellip;]<\/p>\n","protected":false},"author":1,"featured_media":0,"parent":0,"menu_order":0,"comment_status":"closed","ping_status":"closed","template":"","meta":{"footnotes":""},"class_list":["post-114","page","type-page","status-publish","hentry"],"_links":{"self":[{"href":"https:\/\/www.arts.chula.ac.th\/west\/spanish\/wp-json\/wp\/v2\/pages\/114","targetHints":{"allow":["GET"]}}],"collection":[{"href":"https:\/\/www.arts.chula.ac.th\/west\/spanish\/wp-json\/wp\/v2\/pages"}],"about":[{"href":"https:\/\/www.arts.chula.ac.th\/west\/spanish\/wp-json\/wp\/v2\/types\/page"}],"author":[{"embeddable":true,"href":"https:\/\/www.arts.chula.ac.th\/west\/spanish\/wp-json\/wp\/v2\/users\/1"}],"replies":[{"embeddable":true,"href":"https:\/\/www.arts.chula.ac.th\/west\/spanish\/wp-json\/wp\/v2\/comments?post=114"}],"version-history":[{"count":12,"href":"https:\/\/www.arts.chula.ac.th\/west\/spanish\/wp-json\/wp\/v2\/pages\/114\/revisions"}],"predecessor-version":[{"id":805,"href":"https:\/\/www.arts.chula.ac.th\/west\/spanish\/wp-json\/wp\/v2\/pages\/114\/revisions\/805"}],"wp:attachment":[{"href":"https:\/\/www.arts.chula.ac.th\/west\/spanish\/wp-json\/wp\/v2\/media?parent=114"}],"curies":[{"name":"wp","href":"https:\/\/api.w.org\/{rel}","templated":true}]}}