{"id":122,"date":"2015-11-08T11:36:29","date_gmt":"2015-11-08T11:36:29","guid":{"rendered":"http:\/\/www.arts.chula.ac.th\/~west\/spanish\/?page_id=122"},"modified":"2016-02-10T16:37:45","modified_gmt":"2016-02-10T16:37:45","slug":"normas-de-publicacion","status":"publish","type":"page","link":"https:\/\/www.arts.chula.ac.th\/west\/spanish\/ix_congreso_aah_2016\/normas-de-publicacion\/","title":{"rendered":"Normas de publicaci\u00f3n"},"content":{"rendered":"<h4 align=\"center\"><strong>NORMAS DE PUBLICACI\u00d3N<\/strong><\/h4>\n<p>&nbsp;<\/p>\n<p><strong>1.\u00a0<\/strong><strong>Fecha l\u00edmite para el env\u00edo del trabajo completo &#8211; <\/strong>29 de febrero de 2016.<\/p>\n<p><strong>2.\u00a0<\/strong><strong>Formato de los archivos &#8211; <\/strong>un archivo Word y otro PDF con el nombre de archivo y asunto de correo electr\u00f3nico <strong>AAH-BKK-[Su.Apellido-Su.Nombre]\u00a0<\/strong><\/p>\n<p><strong>3<\/strong>. <strong>Extensi\u00f3n, tama\u00f1o y m\u00e1rgenes.<\/strong> M\u00e1ximo 15 folios tama\u00f1o DIN A4. Los m\u00e1rgenes derecho e izquierdo deben ser de 2.5 cm.<\/p>\n<p><strong style=\"line-height: 1.5\">4. Formato de las diferentes partes del art\u00edculo<\/strong><\/p>\n<p>1) TITULO DE LA COMUNICACI\u00d3N<br \/>\nTimes New Roman 14, en negrita y centrado<\/p>\n<p>2) NOMBRE DEL AUTOR<br \/>\nTimes New Roman 12, en may\u00fascula<\/p>\n<p>3) LUGAR DE TRABAJO DEL AUTOR<br \/>\nEn letra cursiva, tipo de letra Times New Roman, tama\u00f1o de letra 12.<\/p>\n<p>Ejemplo:<\/p>\n<p align=\"center\"><strong>Paradigma del pret\u00e9rito perfecto simple<\/strong><br \/>\nSUKIJ POOPUANG<br \/>\n<em>Universidad de Chulalongkorn<\/em><\/p>\n<p>4) RESUMEN<br \/>\nExtensi\u00f3n m\u00e1xima de <strong>150<\/strong> palabras en Times New Roman 12 y el espacio entre l\u00edneas a 1.5. Incluya al final las palabras \u201c<strong>Palabras clave<\/strong>\u201d, en negrita, seguido por dos puntos (:) y entre 4 y 8 palabras claves separadas por punto y coma.<\/p>\n<p>5) CUERPO<\/p>\n<ul>\n<li><strong><u>El tipo de letra<\/u><\/strong> es Times New Roman 11 y el espacio entre l\u00edneas 1.15. Para las citas y las notas a pie de p\u00e1gina, el tama\u00f1o de letra 10 y el espacio entre l\u00edneas sencillo.<\/li>\n<li>Los t\u00edtulos de los diferentes <strong><u>apartados<\/u><\/strong> ir\u00e1n numerados a partir de 1, en negrita, en may\u00fascula solo la primera letra y con el mismo tipo y tama\u00f1o de fuente que el cuerpo del texto.<\/li>\n<li>Los <strong><u>p\u00e1rrafos<\/u><\/strong> ir\u00e1n sangrados en la primera l\u00ednea.<\/li>\n<li>Las <strong><u>palabras en el idioma diferente al castellano<\/u><\/strong> deben ir en cursiva.<\/li>\n<li>Las <strong><u>citas textuales<\/u><\/strong> deben ir entrecomilladas (con \u201ccomillas inglesas\u201d) cuando sean inferiores a tres l\u00edneas. Si tienen m\u00e1s de tres l\u00edneas ir\u00e1n sin entrecomillar y sangradas por el margen izquierdo, indicando en todo caso entre par\u00e9ntesis el apellido del autor o autores del texto, el a\u00f1o de publicaci\u00f3n y la p\u00e1gina. Por ejemplo: (Ram\u00edrez, 2009: 10). Si hay m\u00e1s de dos autores pero menos de seis, se citar\u00e1n todos ellos la primera vez y las veces siguientes se usar\u00e1 la expresi\u00f3n \u201cet al.\u201d. Si son m\u00e1s de seis autores, se usar\u00e1 \u201cet al.\u201d desde la primera menci\u00f3n.<\/li>\n<li>Las <strong><u>tablas y diagramas<\/u><\/strong> ir\u00e1n numeradas. El n\u00famero y el t\u00edtulo de la tabla o del diagrama ir\u00e1 en cursiva y precede a la tabla o al diagrama correspondiente.<\/li>\n<\/ul>\n<p>6) REFERENCIAS BIBLIOGR\u00c1FICAS:<br \/>\nEn Times New Roman 10 y el espacio entre l\u00edneas 1.15, \u00a0deber\u00e1n ajustarse al siguiente modelo:<\/p>\n<p><strong>Libro:<\/strong><\/p>\n<p>Apellido(s), A. A. (A\u00f1o). <em>T\u00edtulo<\/em>. Ciudad: Editorial.<\/p>\n<p><strong>Libro con varios autores<\/strong> (se consignar\u00e1n un m\u00e1ximo de seis autores):<\/p>\n<p>Apellido(s), A. A., Apellido(s), B. B., Apellido(s), C. C. y Apellido(s), D. D. (a\u00f1o). <em>T\u00edtulo<\/em>. Ciudad: Editorial.<\/p>\n<p>Apellido(s), A. A., Apellido(s), B. B., Apellido(s), C. C., Apellido(s), D. D., Apellido(s), E. E., Apellido(s), F. F. et al.\u00a0(a\u00f1o). <em>T\u00edtulo<\/em>. Ciudad: Editorial.<\/p>\n<p><strong>Libro con editor(es):<\/strong><\/p>\n<p>Apellido(s), A. A. (Ed.). (A\u00f1o). <em>T\u00edtulo<\/em>. Ciudad: Editorial.<\/p>\n<p><strong>Libro electr\u00f3nico:<\/strong><\/p>\n<p>Apellido(s), A. A. (A\u00f1o). <em>T\u00edtulo<\/em>. Recuperado de http:\/\/www.xxxxxx.xxx<\/p>\n<p><strong>Cap\u00edtulo de libro:<\/strong><\/p>\n<p>Apellido(s), A. A. (A\u00f1o). T\u00edtulo del cap\u00edtulo o la entrada. En A. A. Apellido(s). (Ed.), <em>T\u00edtulo del libro<\/em> (pp. xx-xx). Ciudad: Editorial.<\/p>\n<p><strong>Art\u00edculo de revista:<\/strong><\/p>\n<p>Apellido(s), A. A. (A\u00f1o). T\u00edtulo del art\u00edculo. <em>Nombre de la revista<\/em>,\u00a0volumen (n\u00famero), pp-pp.<\/p>\n<p><strong>Art\u00edculo de revista electr\u00f3nica:<\/strong><\/p>\n<p>Apellido(s), A. A. (A\u00f1o). T\u00edtulo del art\u00edculo. <em>Nombre de la revista<\/em>,\u00a0volumen (n\u00famero), pp-pp. Recuperado de http:\/\/www.xxxxxx.xxx<\/p>\n<p><strong>Simposio y Conferencia:<\/strong><\/p>\n<p>Apellido(s), A. A. (A\u00f1o). <em>T\u00edtulo de la ponencia<\/em>. T\u00edtulo del simposio\u00a0o congreso, Ciudad, Fecha.<\/p>\n<p><strong>Tesis:<\/strong><\/p>\n<p>Apellido(s), A. A. (A\u00f1o). <em>T\u00edtulo de la tesis<\/em> (Tesis de pregrado,\u00a0maestr\u00eda o doctoral). Nombre de la institucio\u0301n, Lugar.<\/p>\n","protected":false},"excerpt":{"rendered":"<p>NORMAS DE PUBLICACI\u00d3N &nbsp; 1.\u00a0Fecha l\u00edmite para el env\u00edo del trabajo completo &#8211; 29 de febrero de 2016. 2.\u00a0Formato de los archivos &#8211; un archivo Word y otro PDF con el nombre de archivo y asunto de correo electr\u00f3nico AAH-BKK-[Su.Apellido-Su.Nombre]\u00a0 3. Extensi\u00f3n, tama\u00f1o y m\u00e1rgenes. M\u00e1ximo 15 folios tama\u00f1o DIN A4. Los m\u00e1rgenes derecho e [&hellip;]<\/p>\n","protected":false},"author":1,"featured_media":0,"parent":114,"menu_order":0,"comment_status":"closed","ping_status":"closed","template":"","meta":{"footnotes":""},"class_list":["post-122","page","type-page","status-publish","hentry"],"_links":{"self":[{"href":"https:\/\/www.arts.chula.ac.th\/west\/spanish\/wp-json\/wp\/v2\/pages\/122","targetHints":{"allow":["GET"]}}],"collection":[{"href":"https:\/\/www.arts.chula.ac.th\/west\/spanish\/wp-json\/wp\/v2\/pages"}],"about":[{"href":"https:\/\/www.arts.chula.ac.th\/west\/spanish\/wp-json\/wp\/v2\/types\/page"}],"author":[{"embeddable":true,"href":"https:\/\/www.arts.chula.ac.th\/west\/spanish\/wp-json\/wp\/v2\/users\/1"}],"replies":[{"embeddable":true,"href":"https:\/\/www.arts.chula.ac.th\/west\/spanish\/wp-json\/wp\/v2\/comments?post=122"}],"version-history":[{"count":9,"href":"https:\/\/www.arts.chula.ac.th\/west\/spanish\/wp-json\/wp\/v2\/pages\/122\/revisions"}],"predecessor-version":[{"id":654,"href":"https:\/\/www.arts.chula.ac.th\/west\/spanish\/wp-json\/wp\/v2\/pages\/122\/revisions\/654"}],"up":[{"embeddable":true,"href":"https:\/\/www.arts.chula.ac.th\/west\/spanish\/wp-json\/wp\/v2\/pages\/114"}],"wp:attachment":[{"href":"https:\/\/www.arts.chula.ac.th\/west\/spanish\/wp-json\/wp\/v2\/media?parent=122"}],"curies":[{"name":"wp","href":"https:\/\/api.w.org\/{rel}","templated":true}]}}