{"id":156,"date":"2015-11-11T15:15:47","date_gmt":"2015-11-11T15:15:47","guid":{"rendered":"http:\/\/www.arts.chula.ac.th\/~west\/spanish\/?page_id=156"},"modified":"2025-01-16T11:13:36","modified_gmt":"2025-01-16T11:13:36","slug":"programa","status":"publish","type":"page","link":"https:\/\/www.arts.chula.ac.th\/west\/spanish\/jornadas\/programa\/","title":{"rendered":"Programa"},"content":{"rendered":"<ul>\n<li><a href=\"https:\/\/www.arts.chula.ac.th\/west\/spanish\/wp-content\/uploads\/sites\/6\/2025\/01\/Programa_VIIIJornadasELE2025.pdf\">Programa final 2025<\/a><\/li>\n<li><a href=\"https:\/\/www.arts.chula.ac.th\/west\/spanish\/wp-content\/uploads\/sites\/6\/2025\/01\/Resumenes-de-las-ponencias_JornadasELE_2025.pdf\">Libro de res\u00famenes 2025<\/a><\/li>\n<\/ul>\n<p>\u00a0<\/p>\n<ul>\n<li><a href=\"https:\/\/www.arts.chula.ac.th\/west\/spanish\/wp-content\/uploads\/sites\/6\/2023\/03\/Resumenes-de-las-ponencias-VII-Jornadas-ELE-2023.pdf\">Libro de res\u00famenes_2023<\/a><\/li>\n<li><a href=\"http:\/\/www.arts.chula.ac.th\/~west\/spanish\/wp-content\/uploads\/sites\/6\/2015\/11\/Libro_resumenes_2020.pdf\">Libro de res\u00famenes_2020<\/a><\/li>\n<li><a href=\"http:\/\/www.arts.chula.ac.th\/~west\/spanish\/wp-content\/uploads\/sites\/6\/2018\/01\/Libros-de-res__menes-Jornadas-ELE-2018.pdf\">Libro de res\u00famenes_2018<\/a><\/li>\n<\/ul>\n<p>\u00a0 \u00a0 \u00a0 \u00a0 <em><span style=\"color: #000000;\"><strong>NOVEDADES\u00a0<\/strong><\/span><\/em><\/p>\n\n\n<figure class=\"wp-block-image size-full\"><img loading=\"lazy\" decoding=\"async\" width=\"635\" height=\"898\" src=\"https:\/\/www.arts.chula.ac.th\/west\/spanish\/wp-content\/uploads\/sites\/6\/2024\/10\/novedades_JornadasBKKsmall.png\" alt=\"\" class=\"wp-image-1432\" srcset=\"https:\/\/www.arts.chula.ac.th\/west\/spanish\/wp-content\/uploads\/sites\/6\/2024\/10\/novedades_JornadasBKKsmall.png 635w, https:\/\/www.arts.chula.ac.th\/west\/spanish\/wp-content\/uploads\/sites\/6\/2024\/10\/novedades_JornadasBKKsmall-212x300.png 212w\" sizes=\"auto, (max-width: 635px) 100vw, 635px\" \/><\/figure>\n","protected":false},"excerpt":{"rendered":"<p>Programa final 2025 Libro de res\u00famenes 2025 \u00a0 Libro de res\u00famenes_2023 Libro de res\u00famenes_2020 Libro de res\u00famenes_2018 \u00a0 \u00a0 \u00a0 \u00a0 NOVEDADES\u00a0<\/p>\n","protected":false},"author":1,"featured_media":0,"parent":154,"menu_order":0,"comment_status":"closed","ping_status":"closed","template":"","meta":{"footnotes":""},"class_list":["post-156","page","type-page","status-publish","hentry"],"_links":{"self":[{"href":"https:\/\/www.arts.chula.ac.th\/west\/spanish\/wp-json\/wp\/v2\/pages\/156","targetHints":{"allow":["GET"]}}],"collection":[{"href":"https:\/\/www.arts.chula.ac.th\/west\/spanish\/wp-json\/wp\/v2\/pages"}],"about":[{"href":"https:\/\/www.arts.chula.ac.th\/west\/spanish\/wp-json\/wp\/v2\/types\/page"}],"author":[{"embeddable":true,"href":"https:\/\/www.arts.chula.ac.th\/west\/spanish\/wp-json\/wp\/v2\/users\/1"}],"replies":[{"embeddable":true,"href":"https:\/\/www.arts.chula.ac.th\/west\/spanish\/wp-json\/wp\/v2\/comments?post=156"}],"version-history":[{"count":60,"href":"https:\/\/www.arts.chula.ac.th\/west\/spanish\/wp-json\/wp\/v2\/pages\/156\/revisions"}],"predecessor-version":[{"id":1478,"href":"https:\/\/www.arts.chula.ac.th\/west\/spanish\/wp-json\/wp\/v2\/pages\/156\/revisions\/1478"}],"up":[{"embeddable":true,"href":"https:\/\/www.arts.chula.ac.th\/west\/spanish\/wp-json\/wp\/v2\/pages\/154"}],"wp:attachment":[{"href":"https:\/\/www.arts.chula.ac.th\/west\/spanish\/wp-json\/wp\/v2\/media?parent=156"}],"curies":[{"name":"wp","href":"https:\/\/api.w.org\/{rel}","templated":true}]}}