{"id":222,"date":"2015-11-15T08:21:46","date_gmt":"2015-11-15T08:21:46","guid":{"rendered":"http:\/\/www.arts.chula.ac.th\/~west\/spanish\/?page_id=222"},"modified":"2022-11-09T08:31:53","modified_gmt":"2022-11-09T08:31:53","slug":"news-activities-es","status":"publish","type":"page","link":"https:\/\/www.arts.chula.ac.th\/west\/spanish\/news-activities-es\/","title":{"rendered":"Actividades de la Secci\u00f3n de Espa\u00f1ol"},"content":{"rendered":"\t\t<div data-elementor-type=\"wp-page\" data-elementor-id=\"222\" class=\"elementor elementor-222\">\n\t\t\t\t\t\t\t\t\t<section class=\"elementor-section elementor-top-section elementor-element elementor-element-45ed5cd5 elementor-section-boxed elementor-section-height-default elementor-section-height-default\" data-id=\"45ed5cd5\" data-element_type=\"section\">\n\t\t\t\t\t\t<div class=\"elementor-container elementor-column-gap-default\">\n\t\t\t\t\t<div class=\"elementor-column elementor-col-100 elementor-top-column elementor-element elementor-element-58215efc\" data-id=\"58215efc\" data-element_type=\"column\">\n\t\t\t<div class=\"elementor-widget-wrap elementor-element-populated\">\n\t\t\t\t\t\t\t\t<div class=\"elementor-element elementor-element-214b2b25 elementor-widget elementor-widget-text-editor\" data-id=\"214b2b25\" data-element_type=\"widget\" data-widget_type=\"text-editor.default\">\n\t\t\t\t<div class=\"elementor-widget-container\">\n\t\t\t<style>\/*! elementor - v3.6.5 - 27-04-2022 *\/\n.elementor-widget-text-editor.elementor-drop-cap-view-stacked .elementor-drop-cap{background-color:#818a91;color:#fff}.elementor-widget-text-editor.elementor-drop-cap-view-framed .elementor-drop-cap{color:#818a91;border:3px solid;background-color:transparent}.elementor-widget-text-editor:not(.elementor-drop-cap-view-default) .elementor-drop-cap{margin-top:8px}.elementor-widget-text-editor:not(.elementor-drop-cap-view-default) .elementor-drop-cap-letter{width:1em;height:1em}.elementor-widget-text-editor .elementor-drop-cap{float:left;text-align:center;line-height:1;font-size:50px}.elementor-widget-text-editor .elementor-drop-cap-letter{display:inline-block}<\/style>\t\t\t\t<h3 style=\"text-align: center;\"><strong>Actividades de la Secci\u00f3n de Espa\u00f1ol<\/strong><\/h3><p>\u00a0<\/p>\t\t\t\t\t\t<\/div>\n\t\t\t\t<\/div>\n\t\t\t\t\t<\/div>\n\t\t<\/div>\n\t\t\t\t\t\t\t<\/div>\n\t\t<\/section>\n\t\t\t\t<section class=\"elementor-section elementor-top-section elementor-element elementor-element-c96e437 elementor-section-boxed elementor-section-height-default elementor-section-height-default\" data-id=\"c96e437\" data-element_type=\"section\">\n\t\t\t\t\t\t<div class=\"elementor-container elementor-column-gap-default\">\n\t\t\t\t\t<div class=\"elementor-column elementor-col-100 elementor-top-column elementor-element elementor-element-6cdc11f\" data-id=\"6cdc11f\" data-element_type=\"column\">\n\t\t\t<div class=\"elementor-widget-wrap elementor-element-populated\">\n\t\t\t\t\t\t\t\t<div class=\"elementor-element elementor-element-72b4bfa elementor-posts__hover-none elementor-grid-3 elementor-grid-tablet-2 elementor-grid-mobile-1 elementor-posts--thumbnail-top elementor-posts--show-avatar elementor-card-shadow-yes elementor-widget elementor-widget-posts\" data-id=\"72b4bfa\" data-element_type=\"widget\" data-settings=\"{&quot;pagination_type&quot;:&quot;numbers_and_prev_next&quot;,&quot;cards_columns&quot;:&quot;3&quot;,&quot;cards_columns_tablet&quot;:&quot;2&quot;,&quot;cards_columns_mobile&quot;:&quot;1&quot;,&quot;cards_row_gap&quot;:{&quot;unit&quot;:&quot;px&quot;,&quot;size&quot;:35,&quot;sizes&quot;:[]},&quot;cards_row_gap_tablet&quot;:{&quot;unit&quot;:&quot;px&quot;,&quot;size&quot;:&quot;&quot;,&quot;sizes&quot;:[]},&quot;cards_row_gap_mobile&quot;:{&quot;unit&quot;:&quot;px&quot;,&quot;size&quot;:&quot;&quot;,&quot;sizes&quot;:[]}}\" data-widget_type=\"posts.cards\">\n\t\t\t\t<div class=\"elementor-widget-container\">\n\t\t\t<link rel=\"stylesheet\" href=\"https:\/\/www.arts.chula.ac.th\/west\/spanish\/wp-content\/plugins\/elementor-pro\/assets\/css\/widget-posts.min.css\">\t\t<div class=\"elementor-posts-container elementor-posts elementor-posts--skin-cards elementor-grid\">\n\t\t\t\t<article class=\"elementor-post elementor-grid-item post-239 post type-post status-publish format-standard has-post-thumbnail hentry category-activities-es\">\n\t\t\t<div class=\"elementor-post__card\">\n\t\t\t\t<a class=\"elementor-post__thumbnail__link\" href=\"https:\/\/www.arts.chula.ac.th\/west\/spanish\/activities-es\/239\/\" ><div class=\"elementor-post__thumbnail\"><img loading=\"lazy\" decoding=\"async\" width=\"300\" height=\"198\" src=\"https:\/\/www.arts.chula.ac.th\/west\/spanish\/wp-content\/uploads\/sites\/6\/2015\/11\/west_logo_placeholder-300x198.jpg\" class=\"attachment-medium size-medium\" alt=\"\" srcset=\"https:\/\/www.arts.chula.ac.th\/west\/spanish\/wp-content\/uploads\/sites\/6\/2015\/11\/west_logo_placeholder-300x198.jpg 300w, https:\/\/www.arts.chula.ac.th\/west\/spanish\/wp-content\/uploads\/sites\/6\/2015\/11\/west_logo_placeholder.jpg 768w\" sizes=\"auto, (max-width: 300px) 100vw, 300px\" \/><\/div><\/a>\n\t\t\t\t<div class=\"elementor-post__badge\">Activities<\/div>\n\t\t\t\t<div class=\"elementor-post__avatar\">\n\t\t\t\t\t<\/div>\n\t\t\t\t<div class=\"elementor-post__text\">\n\t\t\t\t<h3 class=\"elementor-post__title\">\n\t\t\t<a href=\"https:\/\/www.arts.chula.ac.th\/west\/spanish\/activities-es\/239\/\" >\n\t\t\t\tVisita de Su Excelencia L\u00e1zaro Herrera Mart\u00ednez, Embajador de Cuba\t\t\t<\/a>\n\t\t<\/h3>\n\t\t\t\t<\/div>\n\t\t\t\t<div class=\"elementor-post__meta-data\">\n\t\t\t\t\t<span class=\"elementor-post-date\">\n\t\t\tNovember 15, 2015\t\t<\/span>\n\t\t\t\t<\/div>\n\t\t\t\t\t<\/div>\n\t\t<\/article>\n\t\t\t\t<article class=\"elementor-post elementor-grid-item post-236 post type-post status-publish format-standard has-post-thumbnail hentry category-activities-es\">\n\t\t\t<div class=\"elementor-post__card\">\n\t\t\t\t<a class=\"elementor-post__thumbnail__link\" href=\"https:\/\/www.arts.chula.ac.th\/west\/spanish\/activities-es\/236\/\" ><div class=\"elementor-post__thumbnail\"><img loading=\"lazy\" decoding=\"async\" width=\"300\" height=\"198\" src=\"https:\/\/www.arts.chula.ac.th\/west\/spanish\/wp-content\/uploads\/sites\/6\/2015\/11\/west_logo_placeholder-300x198.jpg\" class=\"attachment-medium size-medium\" alt=\"\" srcset=\"https:\/\/www.arts.chula.ac.th\/west\/spanish\/wp-content\/uploads\/sites\/6\/2015\/11\/west_logo_placeholder-300x198.jpg 300w, https:\/\/www.arts.chula.ac.th\/west\/spanish\/wp-content\/uploads\/sites\/6\/2015\/11\/west_logo_placeholder.jpg 768w\" sizes=\"auto, (max-width: 300px) 100vw, 300px\" \/><\/div><\/a>\n\t\t\t\t<div class=\"elementor-post__badge\">Activities<\/div>\n\t\t\t\t<div class=\"elementor-post__avatar\">\n\t\t\t\t\t<\/div>\n\t\t\t\t<div class=\"elementor-post__text\">\n\t\t\t\t<h3 class=\"elementor-post__title\">\n\t\t\t<a href=\"https:\/\/www.arts.chula.ac.th\/west\/spanish\/activities-es\/236\/\" >\n\t\t\t\tClase de Salsa impartida por Beisy Quitana\t\t\t<\/a>\n\t\t<\/h3>\n\t\t\t\t<\/div>\n\t\t\t\t<div class=\"elementor-post__meta-data\">\n\t\t\t\t\t<span class=\"elementor-post-date\">\n\t\t\tNovember 15, 2015\t\t<\/span>\n\t\t\t\t<\/div>\n\t\t\t\t\t<\/div>\n\t\t<\/article>\n\t\t\t\t<article class=\"elementor-post elementor-grid-item post-234 post type-post status-publish format-standard has-post-thumbnail hentry category-activities-es\">\n\t\t\t<div class=\"elementor-post__card\">\n\t\t\t\t<a class=\"elementor-post__thumbnail__link\" href=\"https:\/\/www.arts.chula.ac.th\/west\/spanish\/activities-es\/234\/\" ><div class=\"elementor-post__thumbnail\"><img loading=\"lazy\" decoding=\"async\" width=\"300\" height=\"198\" src=\"https:\/\/www.arts.chula.ac.th\/west\/spanish\/wp-content\/uploads\/sites\/6\/2015\/11\/west_logo_placeholder-300x198.jpg\" class=\"attachment-medium size-medium\" alt=\"\" srcset=\"https:\/\/www.arts.chula.ac.th\/west\/spanish\/wp-content\/uploads\/sites\/6\/2015\/11\/west_logo_placeholder-300x198.jpg 300w, https:\/\/www.arts.chula.ac.th\/west\/spanish\/wp-content\/uploads\/sites\/6\/2015\/11\/west_logo_placeholder.jpg 768w\" sizes=\"auto, (max-width: 300px) 100vw, 300px\" \/><\/div><\/a>\n\t\t\t\t<div class=\"elementor-post__badge\">Activities<\/div>\n\t\t\t\t<div class=\"elementor-post__avatar\">\n\t\t\t\t\t<\/div>\n\t\t\t\t<div class=\"elementor-post__text\">\n\t\t\t\t<h3 class=\"elementor-post__title\">\n\t\t\t<a href=\"https:\/\/www.arts.chula.ac.th\/west\/spanish\/activities-es\/234\/\" >\n\t\t\t\tVisita del Director del Instituto Cervantes de Manil\u00e1, las Filipinas\t\t\t<\/a>\n\t\t<\/h3>\n\t\t\t\t<\/div>\n\t\t\t\t<div class=\"elementor-post__meta-data\">\n\t\t\t\t\t<span class=\"elementor-post-date\">\n\t\t\tNovember 15, 2015\t\t<\/span>\n\t\t\t\t<\/div>\n\t\t\t\t\t<\/div>\n\t\t<\/article>\n\t\t\t\t<article class=\"elementor-post elementor-grid-item post-232 post type-post status-publish format-standard has-post-thumbnail hentry category-activities-es\">\n\t\t\t<div class=\"elementor-post__card\">\n\t\t\t\t<a class=\"elementor-post__thumbnail__link\" href=\"https:\/\/www.arts.chula.ac.th\/west\/spanish\/activities-es\/232\/\" ><div class=\"elementor-post__thumbnail\"><img loading=\"lazy\" decoding=\"async\" width=\"300\" height=\"198\" src=\"https:\/\/www.arts.chula.ac.th\/west\/spanish\/wp-content\/uploads\/sites\/6\/2015\/11\/west_logo_placeholder-300x198.jpg\" class=\"attachment-medium size-medium\" alt=\"\" srcset=\"https:\/\/www.arts.chula.ac.th\/west\/spanish\/wp-content\/uploads\/sites\/6\/2015\/11\/west_logo_placeholder-300x198.jpg 300w, https:\/\/www.arts.chula.ac.th\/west\/spanish\/wp-content\/uploads\/sites\/6\/2015\/11\/west_logo_placeholder.jpg 768w\" sizes=\"auto, (max-width: 300px) 100vw, 300px\" \/><\/div><\/a>\n\t\t\t\t<div class=\"elementor-post__badge\">Activities<\/div>\n\t\t\t\t<div class=\"elementor-post__avatar\">\n\t\t\t\t\t<\/div>\n\t\t\t\t<div class=\"elementor-post__text\">\n\t\t\t\t<h3 class=\"elementor-post__title\">\n\t\t\t<a href=\"https:\/\/www.arts.chula.ac.th\/west\/spanish\/activities-es\/232\/\" >\n\t\t\t\tCharla sobre \u201cGu\u00eda tur\u00edstico de espa\u00f1ol\u201d por dos profesionales del \u00e1mbito. Aparte de los alumnos de la asignatura \u201cEspa\u00f1ol para el Turismo I\u201d\t\t\t<\/a>\n\t\t<\/h3>\n\t\t\t\t<\/div>\n\t\t\t\t<div class=\"elementor-post__meta-data\">\n\t\t\t\t\t<span class=\"elementor-post-date\">\n\t\t\tNovember 15, 2015\t\t<\/span>\n\t\t\t\t<\/div>\n\t\t\t\t\t<\/div>\n\t\t<\/article>\n\t\t\t\t<article class=\"elementor-post elementor-grid-item post-230 post type-post status-publish format-standard has-post-thumbnail hentry category-activities-es\">\n\t\t\t<div class=\"elementor-post__card\">\n\t\t\t\t<a class=\"elementor-post__thumbnail__link\" href=\"https:\/\/www.arts.chula.ac.th\/west\/spanish\/activities-es\/230\/\" ><div class=\"elementor-post__thumbnail\"><img loading=\"lazy\" decoding=\"async\" width=\"300\" height=\"198\" src=\"https:\/\/www.arts.chula.ac.th\/west\/spanish\/wp-content\/uploads\/sites\/6\/2015\/11\/west_logo_placeholder-300x198.jpg\" class=\"attachment-medium size-medium\" alt=\"\" srcset=\"https:\/\/www.arts.chula.ac.th\/west\/spanish\/wp-content\/uploads\/sites\/6\/2015\/11\/west_logo_placeholder-300x198.jpg 300w, https:\/\/www.arts.chula.ac.th\/west\/spanish\/wp-content\/uploads\/sites\/6\/2015\/11\/west_logo_placeholder.jpg 768w\" sizes=\"auto, (max-width: 300px) 100vw, 300px\" \/><\/div><\/a>\n\t\t\t\t<div class=\"elementor-post__badge\">Activities<\/div>\n\t\t\t\t<div class=\"elementor-post__avatar\">\n\t\t\t\t\t<\/div>\n\t\t\t\t<div class=\"elementor-post__text\">\n\t\t\t\t<h3 class=\"elementor-post__title\">\n\t\t\t<a href=\"https:\/\/www.arts.chula.ac.th\/west\/spanish\/activities-es\/230\/\" >\n\t\t\t\tCampamento de espa\u00f1ol en la provincia de Udonthani\t\t\t<\/a>\n\t\t<\/h3>\n\t\t\t\t<\/div>\n\t\t\t\t<div class=\"elementor-post__meta-data\">\n\t\t\t\t\t<span class=\"elementor-post-date\">\n\t\t\tNovember 15, 2015\t\t<\/span>\n\t\t\t\t<\/div>\n\t\t\t\t\t<\/div>\n\t\t<\/article>\n\t\t\t\t<article class=\"elementor-post elementor-grid-item post-228 post type-post status-publish format-standard has-post-thumbnail hentry category-activities-es\">\n\t\t\t<div class=\"elementor-post__card\">\n\t\t\t\t<a class=\"elementor-post__thumbnail__link\" href=\"https:\/\/www.arts.chula.ac.th\/west\/spanish\/activities-es\/228\/\" ><div class=\"elementor-post__thumbnail\"><img loading=\"lazy\" decoding=\"async\" width=\"300\" height=\"198\" src=\"https:\/\/www.arts.chula.ac.th\/west\/spanish\/wp-content\/uploads\/sites\/6\/2015\/11\/west_logo_placeholder-300x198.jpg\" class=\"attachment-medium size-medium\" alt=\"\" srcset=\"https:\/\/www.arts.chula.ac.th\/west\/spanish\/wp-content\/uploads\/sites\/6\/2015\/11\/west_logo_placeholder-300x198.jpg 300w, https:\/\/www.arts.chula.ac.th\/west\/spanish\/wp-content\/uploads\/sites\/6\/2015\/11\/west_logo_placeholder.jpg 768w\" sizes=\"auto, (max-width: 300px) 100vw, 300px\" \/><\/div><\/a>\n\t\t\t\t<div class=\"elementor-post__badge\">Activities<\/div>\n\t\t\t\t<div class=\"elementor-post__avatar\">\n\t\t\t\t\t<\/div>\n\t\t\t\t<div class=\"elementor-post__text\">\n\t\t\t\t<h3 class=\"elementor-post__title\">\n\t\t\t<a href=\"https:\/\/www.arts.chula.ac.th\/west\/spanish\/activities-es\/228\/\" >\n\t\t\t\tHacia el mundo latinoamericano 2012\t\t\t<\/a>\n\t\t<\/h3>\n\t\t\t\t<\/div>\n\t\t\t\t<div class=\"elementor-post__meta-data\">\n\t\t\t\t\t<span class=\"elementor-post-date\">\n\t\t\tNovember 15, 2015\t\t<\/span>\n\t\t\t\t<\/div>\n\t\t\t\t\t<\/div>\n\t\t<\/article>\n\t\t\t\t<\/div>\n\n\n\t\t\n\t\t\t\t<div class=\"e-load-more-anchor\" data-page=\"1\" data-max-page=\"3\" data-next-page=\"https:\/\/www.arts.chula.ac.th\/west\/spanish\/wp-json\/wp\/v2\/pages\/222\/page\/2\/\"><\/div>\n\t\t\t\t<nav class=\"elementor-pagination\" role=\"navigation\" aria-label=\"Pagination\">\n\t\t\t<span class=\"page-numbers prev\">&laquo; Previous<\/span>\n<span aria-current=\"page\" class=\"page-numbers current\"><span class=\"elementor-screen-only\">Page<\/span>1<\/span>\n<a class=\"page-numbers\" href=\"https:\/\/www.arts.chula.ac.th\/west\/spanish\/wp-json\/wp\/v2\/pages\/222\/page\/2\/\"><span class=\"elementor-screen-only\">Page<\/span>2<\/a>\n<a class=\"page-numbers\" href=\"https:\/\/www.arts.chula.ac.th\/west\/spanish\/wp-json\/wp\/v2\/pages\/222\/page\/3\/\"><span class=\"elementor-screen-only\">Page<\/span>3<\/a>\n<a class=\"page-numbers next\" href=\"https:\/\/www.arts.chula.ac.th\/west\/spanish\/wp-json\/wp\/v2\/pages\/222\/page\/2\/\">Next &raquo;<\/a>\t\t<\/nav>\n\t\t\t\t<\/div>\n\t\t\t\t<\/div>\n\t\t\t\t\t<\/div>\n\t\t<\/div>\n\t\t\t\t\t\t\t<\/div>\n\t\t<\/section>\n\t\t\t\t\t\t\t<\/div>\n\t\t","protected":false},"excerpt":{"rendered":"<p>Actividades de la Secci\u00f3n de Espa\u00f1ol \u00a0<\/p>\n","protected":false},"author":1,"featured_media":0,"parent":0,"menu_order":0,"comment_status":"closed","ping_status":"closed","template":"","meta":{"footnotes":""},"class_list":["post-222","page","type-page","status-publish","hentry"],"_links":{"self":[{"href":"https:\/\/www.arts.chula.ac.th\/west\/spanish\/wp-json\/wp\/v2\/pages\/222","targetHints":{"allow":["GET"]}}],"collection":[{"href":"https:\/\/www.arts.chula.ac.th\/west\/spanish\/wp-json\/wp\/v2\/pages"}],"about":[{"href":"https:\/\/www.arts.chula.ac.th\/west\/spanish\/wp-json\/wp\/v2\/types\/page"}],"author":[{"embeddable":true,"href":"https:\/\/www.arts.chula.ac.th\/west\/spanish\/wp-json\/wp\/v2\/users\/1"}],"replies":[{"embeddable":true,"href":"https:\/\/www.arts.chula.ac.th\/west\/spanish\/wp-json\/wp\/v2\/comments?post=222"}],"version-history":[{"count":17,"href":"https:\/\/www.arts.chula.ac.th\/west\/spanish\/wp-json\/wp\/v2\/pages\/222\/revisions"}],"predecessor-version":[{"id":1175,"href":"https:\/\/www.arts.chula.ac.th\/west\/spanish\/wp-json\/wp\/v2\/pages\/222\/revisions\/1175"}],"wp:attachment":[{"href":"https:\/\/www.arts.chula.ac.th\/west\/spanish\/wp-json\/wp\/v2\/media?parent=222"}],"curies":[{"name":"wp","href":"https:\/\/api.w.org\/{rel}","templated":true}]}}